{"id":579,"date":"2025-02-20T17:08:19","date_gmt":"2025-02-20T10:08:19","guid":{"rendered":"https:\/\/macsmartlife.com\/?post_type=product&#038;p=579"},"modified":"2025-11-27T23:29:03","modified_gmt":"2025-11-27T16:29:03","slug":"khoa-dien-tu-mac-h5","status":"publish","type":"product","link":"https:\/\/macsmartlife.com\/vi\/product\/khoa-dien-tu-mac-h5\/","title":{"rendered":"KHO\u00c1 \u0110I\u1ec6N T\u1eec MAC-H5"},"content":{"rendered":"<p><span class=\"emoji-sizer emoji-outer \">\ud83d\udd10<\/span><span class=\"text\"><span style=\"vertical-align: inherit;\"><span style=\"vertical-align: inherit;\">KH\u00d3A \u0110I\u1ec6N T\u1eec TH\u00d4NG MINH \u2013 GI\u1ea2I PH\u00c1P AN NINH HI\u1ec6N \u0110\u1ea0I CHO NG\u00d4I NH\u00c0 C\u1ee6A B\u1ea0N<\/span><\/span><\/span><\/p>\n<p><span class=\"emoji-sizer emoji-outer \">\ud83d\udd10<\/span><span class=\"text\"><span style=\"vertical-align: inherit;\"><span style=\"vertical-align: inherit;\">B\u1ea1n c\u00f2n lo l\u1eafng v\u1ec1 vi\u1ec7c truy\u1ec1n kh\u00f3a d\u1ec5 b\u1ecb m\u1ea5t, d\u1ec5 sao ch\u00e9p? H\u00e3y n\u00e2ng c\u1ea5p ngay v\u1edbi kh\u00f3a \u0111i\u1ec7n t\u1eed th\u00f4ng minh \u2013 c\u00f4ng ngh\u1ec7 ti\u00ean ti\u1ebfn gi\u00fap b\u1ea3o v\u1ec7 gia \u0111\u00ecnh b\u1ea1n an to\u00e0n h\u01a1n bao gi\u1edd h\u1ebft!<\/span><\/span><\/span><\/p>\n<p><span class=\"emoji-sizer emoji-outer \">\u2728<\/span><span class=\"text\"><span style=\"vertical-align: inherit;\"><span style=\"vertical-align: inherit;\">M\u1ede KH\u00d3A D\u1ec4 D\u00c0NG \u2013 V\u00e2n tay, m\u00e3 s\u1ed1, th\u1ebb t\u1eeb, app \u0111i\u1ec7n tho\u1ea1i, b\u00e0n c\u01a1 d\u1ef1 ph\u00f2ng.<\/span><\/span><\/span><\/p>\n<p><span class=\"emoji-sizer emoji-outer \">\ud83d\udd12<\/span><span class=\"text\"><span style=\"vertical-align: inherit;\"><span style=\"vertical-align: inherit;\">AN TO\u00c0N TUY\u1ec6T \u0110\u1ed0I \u2013 Ch\u1ed1ng tr\u1ed9m, c\u1ea3nh b\u00e1o x\u00e2m nh\u1eadp, t\u1ef1 \u0111\u1ed9ng kh\u00f3a.<\/span><\/span><\/span><\/p>\n<p><span class=\"emoji-sizer emoji-outer \">\ud83d\udcf1<\/span><span class=\"text\"><span style=\"vertical-align: inherit;\"><span style=\"vertical-align: inherit;\">QU\u1ea2N L\u00dd TH\u00d4NG MINH \u2013 Ki\u1ec3m so\u00e1t t\u1eeb xa, c\u1ea5p quy\u1ec1n t\u1ea1m th\u1eddi cho kh\u00e1ch.<\/span><\/span><\/span><\/p>\n<p><span class=\"emoji-sizer emoji-outer \">\ud83d\udc8e<\/span><span class=\"text\"><span style=\"vertical-align: inherit;\"><span style=\"vertical-align: inherit;\">THI\u1ebeT K\u1ebe SANG TR\u1eccNG \u2013 Ph\u00f9 h\u1ee3p v\u1edbi m\u1ecdi kh\u00f4ng gian, t\u1eeb nh\u00e0 ri\u00eang \u0111\u1ebfn v\u0103n ph\u00f2ng.<\/span><\/span><\/span><\/p>\n<div style=\"width: 640px;\" class=\"wp-video\"><!--[if lt IE 9]><script>document.createElement('video');<\/script><![endif]-->\n<video class=\"wp-video-shortcode\" id=\"video-579-1\" width=\"640\" height=\"1138\" preload=\"metadata\" controls=\"controls\"><source type=\"video\/mp4\" src=\"https:\/\/macsmartlife.com\/wp-content\/uploads\/2025\/02\/6335174105318.mp4?_=1\" \/><a href=\"https:\/\/macsmartlife.com\/wp-content\/uploads\/2025\/02\/6335174105318.mp4\">https:\/\/macsmartlife.com\/wp-content\/uploads\/2025\/02\/6335174105318.mp4<\/a><\/video><\/div>\n<p><img loading=\"lazy\" decoding=\"async\" class=\"aligncenter wp-image-585 size-full\" src=\"https:\/\/macsmartlife.com\/wp-content\/uploads\/2025\/02\/z6335150843315_aa6300c047e77d3af609a667bdd9b69e.jpg\" alt=\"\" width=\"1920\" height=\"2560\" \/><img loading=\"lazy\" decoding=\"async\" class=\"alignnone size-full wp-image-581\" src=\"https:\/\/macsmartlife.com\/wp-content\/uploads\/2025\/02\/z6334996884533_0d644feda9519268b16735b47e9582f9.jpg\" alt=\"\" width=\"2560\" height=\"2560\" \/><img loading=\"lazy\" decoding=\"async\" class=\"alignnone size-full wp-image-580\" src=\"https:\/\/macsmartlife.com\/wp-content\/uploads\/2025\/02\/z6334996875836_c8885b3ff0fc4721ea323a48bb31b918.jpg\" alt=\"\" width=\"2560\" height=\"2560\" \/> <img loading=\"lazy\" decoding=\"async\" class=\"alignnone size-full wp-image-582\" src=\"https:\/\/macsmartlife.com\/wp-content\/uploads\/2025\/02\/z6334996885516_059349e5a9549692e8ee69885666b68b.jpg\" alt=\"\" width=\"2560\" height=\"2560\" \/><\/p>\n","protected":false},"excerpt":{"rendered":"<p>\ud83d\udd10KH\u00d3A \u0110I\u1ec6N T\u1eec TH\u00d4NG MINH \u2013 GI\u1ea2I PH\u00c1P AN NINH HI\u1ec6N \u0110\u1ea0I CHO NG\u00d4I NH\u00c0 C\u1ee6A B\u1ea0N \ud83d\udd10B\u1ea1n c\u00f2n lo l\u1eafng v\u1ec1 vi\u1ec7c truy\u1ec1n kh\u00f3a d\u1ec5 b\u1ecb m\u1ea5t, d\u1ec5 sao ch\u00e9p? H\u00e3y n\u00e2ng c\u1ea5p ngay v\u1edbi kh\u00f3a \u0111i\u1ec7n t\u1eed th\u00f4ng minh \u2013 c\u00f4ng ngh\u1ec7 ti\u00ean ti\u1ebfn gi\u00fap b\u1ea3o v\u1ec7 gia \u0111\u00ecnh b\u1ea1n an to\u00e0n h\u01a1n [&hellip;]<\/p>\n","protected":false},"featured_media":583,"comment_status":"open","ping_status":"closed","template":"","meta":[],"product_cat":[35],"product_tag":[],"_links":{"self":[{"href":"https:\/\/macsmartlife.com\/vi\/wp-json\/wp\/v2\/product\/579"}],"collection":[{"href":"https:\/\/macsmartlife.com\/vi\/wp-json\/wp\/v2\/product"}],"about":[{"href":"https:\/\/macsmartlife.com\/vi\/wp-json\/wp\/v2\/types\/product"}],"replies":[{"embeddable":true,"href":"https:\/\/macsmartlife.com\/vi\/wp-json\/wp\/v2\/comments?post=579"}],"wp:featuredmedia":[{"embeddable":true,"href":"https:\/\/macsmartlife.com\/vi\/wp-json\/wp\/v2\/media\/583"}],"wp:attachment":[{"href":"https:\/\/macsmartlife.com\/vi\/wp-json\/wp\/v2\/media?parent=579"}],"wp:term":[{"taxonomy":"product_cat","embeddable":true,"href":"https:\/\/macsmartlife.com\/vi\/wp-json\/wp\/v2\/product_cat?post=579"},{"taxonomy":"product_tag","embeddable":true,"href":"https:\/\/macsmartlife.com\/vi\/wp-json\/wp\/v2\/product_tag?post=579"}],"curies":[{"name":"wp","href":"https:\/\/api.w.org\/{rel}","templated":true}]}}