{"id":562,"date":"2025-01-06T14:17:55","date_gmt":"2025-01-06T07:17:55","guid":{"rendered":"https:\/\/macsmartlife.com\/?post_type=product&#038;p=562"},"modified":"2026-04-11T16:18:56","modified_gmt":"2026-04-11T09:18:56","slug":"mac-znk01","status":"publish","type":"product","link":"https:\/\/macsmartlife.com\/vi\/product\/mac-znk01\/","title":{"rendered":"MAC &#8211; ZNK01"},"content":{"rendered":"<div class=\"overflow-hidden\">\n<div class=\"overflow-hidden\"><span class=\"text\"><span style=\"vertical-align: inherit;\"><span style=\"vertical-align: inherit;\"><span style=\"vertical-align: inherit;\"><span style=\"vertical-align: inherit;\">T\u00ednh n\u0103ng n\u1ed5i b\u1eadt c\u1ee7a kh\u00f3a v\u00e2n tay MAC \u2013 ZNK01<\/span><\/span><\/span><\/span><\/span><\/div>\n<div class=\"overflow-hidden\"><span class=\"text\"><span style=\"vertical-align: inherit;\"><span style=\"vertical-align: inherit;\"><span style=\"vertical-align: inherit;\"><span style=\"vertical-align: inherit;\">Kh\u00f3a c\u1eeda th\u00f4ng minh MAC \u2013 ZNK01 v\u1eadn h\u00e0nh m\u1edf kh\u00f3a b\u1eb1ng ph\u01b0\u01a1ng th\u1ee9c b\u1ea3o m\u1eadt:\u00a0 <\/span><\/span><\/span><\/span><em><span style=\"vertical-align: inherit;\"><span style=\"vertical-align: inherit;\"><span style=\"vertical-align: inherit;\"><span style=\"vertical-align: inherit;\">V\u00e2n tay, th\u1ebb t\u1eeb, m\u1eadt m\u00e3, c\u01a1 s\u1edf, App \u0111i\u1ec7n tho\u1ea1i, t\u00edch h\u1ee3p camera \u2013 N\u00f3i chuy\u1ec7n tr\u1ef1c ti\u1ebfp tr\u00ean kh\u00f3a, c\u00f3 kh\u1ea3 n\u0103ng b\u1ea3o v\u1ec7 n\u01b0\u1edbc cao .<\/span><\/span><\/span><\/span><\/em><\/span><\/div>\n<div class=\"overflow-hidden\"><span class=\"text\"><span style=\"vertical-align: inherit;\"><span style=\"vertical-align: inherit;\"><span style=\"vertical-align: inherit;\"><span style=\"vertical-align: inherit;\">Th\u00e2n kh\u00f3a to\u00e0n b\u1ed9 \u0111\u01b0\u1ee3c l\u00e0m t\u1eeb h\u1ee3p kim nh\u00f4m si\u00eau b\u1ec1n, ph\u1ee7 3 l\u1edbp kim lo\u1ea1i s\u00e1ng b\u00f3ng gi\u00fap ch\u1ed1ng \u1ea9m, ch\u1ed1ng ch\u1ed1ng.<\/span><\/span><\/span><\/span><\/span><\/div>\n<div class=\"overflow-hidden\"><span class=\"text\"><span style=\"vertical-align: inherit;\"><span style=\"vertical-align: inherit;\"><span style=\"vertical-align: inherit;\"><span style=\"vertical-align: inherit;\">C\u1ea3nh b\u00e1o khi c\u00f3 bi\u1ec3u t\u01b0\u1ee3ng l\u1ea1 xu\u1ea5t hi\u1ec7n ho\u1eb7c c\u1ed1 g\u1eafng ph\u00e1t hi\u1ec7n kh\u00f3a, MAC \u2013 ZNK01 <\/span><\/span><\/span><\/span><\/span><span class=\"text\"><span style=\"vertical-align: inherit;\"><span style=\"vertical-align: inherit;\"><span style=\"vertical-align: inherit;\"><span style=\"vertical-align: inherit;\">chuy\u1ec3n h\u01b0\u1edbng v\u1ec1 to\u00e0n b\u1ed9.<\/span><\/span><\/span><\/span><\/span><\/div>\n<div class=\"overflow-hidden\"><span class=\"text\"><span style=\"vertical-align: inherit;\"><span style=\"vertical-align: inherit;\"><span style=\"vertical-align: inherit;\"><span style=\"vertical-align: inherit;\">\u2013 Th\u00e2n m\u00e1y thanh l\u1ecbch, thi\u1ebft k\u1ebf ti\u00ean ti\u1ebfn, tay c\u1ea7m c\u1ed1 \u0111\u1ecbnh ti\u1ec7n l\u1ee3i, gi\u00fap vi\u1ec7c m\u1edf kh\u00f3a tr\u1edf n\u00ean \u0111\u01a1n gi\u1ea3n v\u00e0 ti\u1ec7n l\u1ee3i, \u0111\u01b0\u1eddng n\u00e9t tinh t\u1ebf m\u00e0 v\u1eabn quan tr\u1ecdng v\u1edbi v\u1ebb ngo\u00e0i s\u00e1ng b\u00f3ng.<\/span><\/span><\/span><\/span><\/span><\/div>\n<div class=\"overflow-hidden\"><span class=\"text\"><span style=\"vertical-align: inherit;\"><span style=\"vertical-align: inherit;\"><span style=\"vertical-align: inherit;\"><span style=\"vertical-align: inherit;\">\u2013 Ti\u1ebfng \u1ed3n th\u1ea5p, ti\u1ebft ki\u1ec7m n\u0103ng l\u01b0\u1ee3ng, b\u1ea3o v\u1ec7 m\u00f4i tr\u01b0\u1eddng v\u00e0 an to\u00e0n.<\/span><\/span><\/span><\/span><\/span><\/div>\n<div class=\"overflow-hidden\"><span class=\"text\"><span style=\"vertical-align: inherit;\"><span style=\"vertical-align: inherit;\"><span style=\"vertical-align: inherit;\"><span style=\"vertical-align: inherit;\">\u2013 B\u1ec1 m\u1eb7t ph\u1ee7 l\u1edbp s\u01a1n m\u1ea1 crom, b\u1ec1n \u0111\u1eb9p, ch\u1ed1ng tr\u01b0\u1ee3t v\u00e0 kh\u00e1ng khu\u1ea9n t\u1ed1t, kh\u00f4ng phai m\u00e0u, ch\u1ed1ng oxy h\u00f3a, ch\u1ed1ng \u0103n m\u00f2n.<\/span><\/span><\/span><\/span><\/span><\/div>\n<div class=\"overflow-hidden\"><span class=\"text\"><span style=\"vertical-align: inherit;\"><span style=\"vertical-align: inherit;\"><span style=\"vertical-align: inherit;\"><span style=\"vertical-align: inherit;\">\u2013 Nh\u1eadn d\u1ea1ng v\u00e2n tay: sinh tr\u1eafc h\u1ecdc b\u00e1n d\u1eabn ( C\u00f3 th\u1ec3 \u0111\u0103ng k\u00fd 100 d\u1ea5u v\u00e2n tay), t\u1ef7 l\u1ec7 nh\u1eadn d\u1ea1ng sai d\u1ea5u v\u00e2n tay<\/span><\/span><\/span><\/span><\/span><\/div>\n<div class=\"overflow-hidden\"><span class=\"text\"><span style=\"vertical-align: inherit;\"><span style=\"vertical-align: inherit;\"><span style=\"vertical-align: inherit;\"><span style=\"vertical-align: inherit;\">\u2013 M\u1eadt kh\u1ea9u \u1ea3o: Th\u00eam b\u1ea5t k\u1ef3 s\u1ed1 n\u00e0o v\u00e0o tr\u01b0\u1edbc ho\u1eb7c sau ch\u00ednh x\u00e1c m\u1eadt kh\u1ea9u \u0111\u1ec3 m\u1edf c\u1eeda, c\u00f3 th\u1ec3 l\u00ean t\u1edbi 12 bit \u0111\u1ec3 b\u1ea3o m\u1eadt b\u00ean c\u1ea1nh kh\u00f4ng th\u1ec3 \u0111o\u00e1n \u0111\u01b0\u1ee3c m\u1eadt kh\u1ea9u gia \u0111\u00ecnh b\u1ea1n d\u00f9 b\u1ea5t c\u1ee9 h\u00ecnh th\u1ee9c n\u00e0o .<\/span><\/span><\/span><\/span><\/span><\/div>\n<div class=\"overflow-hidden\"><span class=\"text\"><span style=\"vertical-align: inherit;\"><span style=\"vertical-align: inherit;\"><span style=\"vertical-align: inherit;\"><span style=\"vertical-align: inherit;\">\u2013 Ch\u1ee9c n\u0103ng th\u1ebb NFC: B\u1ea1n c\u00f3 th\u1ec3 s\u1eed d\u1ee5ng t\u00ednh n\u0103ng NFC tr\u00ean \u0111i\u1ec7n tho\u1ea1i di \u0111\u1ed9ng v\u00e0 kh\u00f4ng c\u1ea7n ph\u1ea3i mang th\u1ebb ph\u1ee5 \u0111\u1ec3 m\u1edf c\u1eeda.\u00a0<\/span><\/span><\/span><\/span><\/span><\/div>\n<div class=\"overflow-hidden\"><span class=\"text\"><span style=\"vertical-align: inherit;\"><span style=\"vertical-align: inherit;\"><span style=\"vertical-align: inherit;\"><span style=\"vertical-align: inherit;\">\u2013 Th\u00e2n kh\u00f3a b\u1eb1ng th\u00e9p kh\u00f4ng g\u1ec9 304, b\u1ec1n b\u1ec9 theo th\u1eddi gian<\/span><\/span><\/span><\/span><\/span><\/div>\n<div class=\"overflow-hidden\"><span class=\"text\"><span style=\"vertical-align: inherit;\"><span style=\"vertical-align: inherit;\"><span style=\"vertical-align: inherit;\"><span style=\"vertical-align: inherit;\">\u2013 Ngu\u1ed3n \u0111i\u1ec7n kh\u1ea9n c\u1ea5p USB, gi\u1ea3i ph\u00e1p khi kh\u00f3a h\u1ebft pin.<\/span><\/span><\/span><\/span><\/span><\/div>\n<div class=\"overflow-hidden\"><span class=\"text\"><span style=\"vertical-align: inherit;\"><span style=\"vertical-align: inherit;\"><span style=\"vertical-align: inherit;\"><span style=\"vertical-align: inherit;\">\u2013 S\u1eed d\u1ee5ng pin theo \u0111\u1ecbnh ngh\u0129a \u1ed5n \u0111\u1ecbnh v\u00e0 ch\u1eafc ch\u1eafn v\u1ec1 c\u1ea5p \u0111\u1ed9 n\u00e2ng c\u1ea5p, t\u0103ng dung l\u01b0\u1ee3ng l\u00ean 2500 l\u1ea7n m\u1edf t\u1edbi c\u1eeda s\u1ed5 1 l\u1ea7n thay pin<\/span><\/span><\/span><\/span><\/span><\/div>\n<div style=\"width: 640px;\" class=\"wp-video\"><!--[if lt IE 9]><script>document.createElement('video');<\/script><![endif]-->\n<video class=\"wp-video-shortcode\" id=\"video-562-1\" width=\"640\" height=\"1138\" preload=\"metadata\" controls=\"controls\"><source type=\"video\/mp4\" src=\"https:\/\/macsmartlife.com\/wp-content\/uploads\/2025\/01\/6201886819811-1.mp4?_=1\" \/><a href=\"https:\/\/macsmartlife.com\/wp-content\/uploads\/2025\/01\/6201886819811-1.mp4\">https:\/\/macsmartlife.com\/wp-content\/uploads\/2025\/01\/6201886819811-1.mp4<\/a><\/video><\/div>\n<div style=\"width: 640px;\" class=\"wp-video\"><video class=\"wp-video-shortcode\" id=\"video-562-2\" width=\"640\" height=\"1138\" preload=\"metadata\" controls=\"controls\"><source type=\"video\/mp4\" src=\"https:\/\/macsmartlife.com\/wp-content\/uploads\/2025\/01\/6201886836881.mp4?_=2\" \/><a href=\"https:\/\/macsmartlife.com\/wp-content\/uploads\/2025\/01\/6201886836881.mp4\">https:\/\/macsmartlife.com\/wp-content\/uploads\/2025\/01\/6201886836881.mp4<\/a><\/video><\/div>\n<div style=\"width: 640px;\" class=\"wp-video\"><video class=\"wp-video-shortcode\" id=\"video-562-3\" width=\"640\" height=\"1138\" preload=\"metadata\" controls=\"controls\"><source type=\"video\/mp4\" src=\"https:\/\/macsmartlife.com\/wp-content\/uploads\/2025\/01\/6201887184881.mp4?_=3\" \/><a href=\"https:\/\/macsmartlife.com\/wp-content\/uploads\/2025\/01\/6201887184881.mp4\">https:\/\/macsmartlife.com\/wp-content\/uploads\/2025\/01\/6201887184881.mp4<\/a><\/video><\/div>\n<p><span class=\"text\"><img loading=\"lazy\" decoding=\"async\" class=\"alignnone size-medium wp-image-567\" src=\"https:\/\/macsmartlife.com\/wp-content\/uploads\/2025\/01\/z6201886788069_7a934feef7009099073963b93cc45036.jpg\" alt=\"\" width=\"225\" height=\"300\" \/> <img loading=\"lazy\" decoding=\"async\" class=\"alignnone size-medium wp-image-568\" src=\"https:\/\/macsmartlife.com\/wp-content\/uploads\/2025\/01\/z6201886795730_b539fa4f2629114c30f03d3d09113ceb.jpg\" alt=\"\" width=\"225\" height=\"300\" \/> <img loading=\"lazy\" decoding=\"async\" class=\"alignnone size-medium wp-image-569\" src=\"https:\/\/macsmartlife.com\/wp-content\/uploads\/2025\/01\/z6201886795963_88945f9aed46c384947dbf0046c7f0f3.jpg\" alt=\"\" width=\"225\" height=\"300\" \/> <img loading=\"lazy\" decoding=\"async\" class=\"alignnone size-medium wp-image-570\" src=\"https:\/\/macsmartlife.com\/wp-content\/uploads\/2025\/01\/z6201886804814_6e5fc0f6f1ab53bf5761274598e4bb01.jpg\" alt=\"\" width=\"225\" height=\"300\" \/> <img loading=\"lazy\" decoding=\"async\" class=\"alignnone size-medium wp-image-571\" src=\"https:\/\/macsmartlife.com\/wp-content\/uploads\/2025\/01\/z6201886807148_e2b0c5b45a337596b58c167712b7e136.jpg\" alt=\"\" width=\"225\" height=\"300\" \/> <img loading=\"lazy\" decoding=\"async\" class=\"alignnone size-medium wp-image-572\" src=\"https:\/\/macsmartlife.com\/wp-content\/uploads\/2025\/01\/z6201886812506_8525c871e47c7dc352f218a49b109153.jpg\" alt=\"\" width=\"225\" height=\"300\" \/> <img loading=\"lazy\" decoding=\"async\" class=\"alignnone size-medium wp-image-573\" src=\"https:\/\/macsmartlife.com\/wp-content\/uploads\/2025\/01\/z6201886825100_d3470d322c1941b0c16369a7b0419888.jpg\" alt=\"\" width=\"225\" height=\"300\" \/><\/span><span class=\"text\"><span style=\"vertical-align: inherit;\"><span style=\"vertical-align: inherit;\"><span style=\"vertical-align: inherit;\"><span style=\"vertical-align: inherit;\">.<\/span><\/span><\/span><\/span><\/span><\/p>\n<\/div>\n<div>\n<div style=\"width: 640px;\" class=\"wp-video\"><video class=\"wp-video-shortcode\" id=\"video-562-4\" width=\"640\" height=\"1138\" preload=\"metadata\" controls=\"controls\"><source type=\"video\/mp4\" src=\"https:\/\/macsmartlife.com\/wp-content\/uploads\/2025\/01\/6201886819811.mp4?_=4\" \/><a href=\"https:\/\/macsmartlife.com\/wp-content\/uploads\/2025\/01\/6201886819811.mp4\">https:\/\/macsmartlife.com\/wp-content\/uploads\/2025\/01\/6201886819811.mp4<\/a><\/video><\/div>\n<\/div>\n","protected":false},"excerpt":{"rendered":"<p>T\u00ednh n\u0103ng n\u1ed5i b\u1eadt c\u1ee7a kh\u00f3a v\u00e2n tay MAC \u2013 ZNK01 Kh\u00f3a c\u1eeda th\u00f4ng minh MAC \u2013 ZNK01 v\u1eadn h\u00e0nh m\u1edf kh\u00f3a b\u1eb1ng ph\u01b0\u01a1ng th\u1ee9c b\u1ea3o m\u1eadt:\u00a0 V\u00e2n tay, th\u1ebb t\u1eeb, m\u1eadt m\u00e3, c\u01a1 s\u1edf, App \u0111i\u1ec7n tho\u1ea1i, t\u00edch h\u1ee3p camera \u2013 N\u00f3i chuy\u1ec7n tr\u1ef1c ti\u1ebfp tr\u00ean kh\u00f3a, c\u00f3 kh\u1ea3 n\u0103ng b\u1ea3o v\u1ec7 n\u01b0\u1edbc cao [&hellip;]<\/p>\n","protected":false},"featured_media":575,"comment_status":"open","ping_status":"closed","template":"","meta":[],"product_cat":[35],"product_tag":[],"_links":{"self":[{"href":"https:\/\/macsmartlife.com\/vi\/wp-json\/wp\/v2\/product\/562"}],"collection":[{"href":"https:\/\/macsmartlife.com\/vi\/wp-json\/wp\/v2\/product"}],"about":[{"href":"https:\/\/macsmartlife.com\/vi\/wp-json\/wp\/v2\/types\/product"}],"replies":[{"embeddable":true,"href":"https:\/\/macsmartlife.com\/vi\/wp-json\/wp\/v2\/comments?post=562"}],"wp:featuredmedia":[{"embeddable":true,"href":"https:\/\/macsmartlife.com\/vi\/wp-json\/wp\/v2\/media\/575"}],"wp:attachment":[{"href":"https:\/\/macsmartlife.com\/vi\/wp-json\/wp\/v2\/media?parent=562"}],"wp:term":[{"taxonomy":"product_cat","embeddable":true,"href":"https:\/\/macsmartlife.com\/vi\/wp-json\/wp\/v2\/product_cat?post=562"},{"taxonomy":"product_tag","embeddable":true,"href":"https:\/\/macsmartlife.com\/vi\/wp-json\/wp\/v2\/product_tag?post=562"}],"curies":[{"name":"wp","href":"https:\/\/api.w.org\/{rel}","templated":true}]}}