{"id":520,"date":"2024-11-18T10:44:17","date_gmt":"2024-11-18T03:44:17","guid":{"rendered":"https:\/\/macsmartlife.com\/?post_type=product&#038;p=520"},"modified":"2026-03-30T00:15:51","modified_gmt":"2026-03-29T17:15:51","slug":"z169-mac","status":"publish","type":"product","link":"https:\/\/macsmartlife.com\/vi\/product\/z169-mac\/","title":{"rendered":"Z169 &#8211; MAC"},"content":{"rendered":"<p><span style=\"vertical-align: inherit;\"><span style=\"vertical-align: inherit;\">Kh\u00f3a \u0111i\u1ec7n t\u1eed Z169<\/span><\/span><\/p>\n<ul>\n<li><span style=\"vertical-align: inherit;\"><span style=\"vertical-align: inherit;\">Kho\u00e1 v\u00e2n tay t\u00edch h\u1ee3p 4 t\u00ednh n\u0103ng: m\u1eadt kh\u1ea9u, v\u00e2n tay, th\u1ebb t\u1eeb, ch\u00eca kh\u00f3a c\u01a1 s\u1edf d\u1ef1 ph\u00f2ng.<\/span><\/span><\/li>\n<li><span style=\"vertical-align: inherit;\"><span style=\"vertical-align: inherit;\">Ph\u00f9 h\u1ee3p v\u1edbi c\u00e1c d\u00f2ng c\u1eeda th\u1ee7y l\u1ef1c c\u1ee7a g\u1ed7<\/span><\/span><\/li>\n<li><span style=\"vertical-align: inherit;\"><span style=\"vertical-align: inherit;\">\u0110\u1eb7c bi\u1ec7t c\u00f3 th\u1ec3 t\u1ea1o m\u1eadt m\u00e3, th\u1ebb t\u1eeb s\u1eed d\u1ee5ng 1 l\u1ea7n ho\u1eb7c theo chu k\u1ef3 nh\u1ea5t \u0111\u1ecbnh \u0111\u1ec3 t\u0103ng s\u1ef1 ti\u1ec7n l\u1ee3i.<\/span><\/span><\/li>\n<li><span style=\"vertical-align: inherit;\"><span style=\"vertical-align: inherit;\">V\u00e2n tay b\u00e1n d\u1eabn nh\u1ea1y h\u01a1n nhi\u1ec1u v\u00e2n tay quang h\u1ecdc truy\u1ec1n th\u1ed1ng<\/span><\/span><\/li>\n<li><span style=\"vertical-align: inherit;\"><span style=\"vertical-align: inherit;\">Kh\u00f3a t\u1ef1 \u0111\u1ed9ng kh\u00f3a sau khi \u0111\u00f3ng c\u1eeda<\/span><\/span><\/li>\n<\/ul>\n","protected":false},"excerpt":{"rendered":"<p><span style=\"vertical-align: inherit;\"><span style=\"vertical-align: inherit;\">Kh\u00f3a \u0111i\u1ec7n t\u1eed Z169<\/span><\/span><\/p>\n<ul>\n<li><span style=\"vertical-align: inherit;\"><span style=\"vertical-align: inherit;\">Kho\u00e1 v\u00e2n tay t\u00edch h\u1ee3p 4 t\u00ednh n\u0103ng: m\u1eadt kh\u1ea9u, v\u00e2n tay, th\u1ebb t\u1eeb, ch\u00eca kh\u00f3a c\u01a1 s\u1edf d\u1ef1 ph\u00f2ng.<\/span><\/span><\/li>\n<li><span style=\"vertical-align: inherit;\"><span style=\"vertical-align: inherit;\">Ph\u00f9 h\u1ee3p v\u1edbi c\u00e1c d\u00f2ng c\u1eeda th\u1ee7y l\u1ef1c c\u1ee7a g\u1ed7<\/span><\/span><\/li>\n<li><span style=\"vertical-align: inherit;\"><span style=\"vertical-align: inherit;\">\u0110\u1eb7c bi\u1ec7t c\u00f3 th\u1ec3 t\u1ea1o m\u1eadt m\u00e3, th\u1ebb t\u1eeb s\u1eed d\u1ee5ng 1 l\u1ea7n ho\u1eb7c theo chu k\u1ef3 nh\u1ea5t \u0111\u1ecbnh \u0111\u1ec3 t\u0103ng s\u1ef1 ti\u1ec7n l\u1ee3i.<\/span><\/span><\/li>\n<li><span style=\"vertical-align: inherit;\"><span style=\"vertical-align: inherit;\">V\u00e2n tay b\u00e1n d\u1eabn nh\u1ea1y h\u01a1n nhi\u1ec1u v\u00e2n tay quang h\u1ecdc truy\u1ec1n th\u1ed1ng<\/span><\/span><\/li>\n<li><span style=\"vertical-align: inherit;\"><span style=\"vertical-align: inherit;\">Kh\u00f3a t\u1ef1 \u0111\u1ed9ng kh\u00f3a sau khi \u0111\u00f3ng c\u1eeda<\/span><\/span><\/li>\n<\/ul>\n","protected":false},"featured_media":521,"comment_status":"open","ping_status":"closed","template":"","meta":[],"product_cat":[65],"product_tag":[],"_links":{"self":[{"href":"https:\/\/macsmartlife.com\/vi\/wp-json\/wp\/v2\/product\/520"}],"collection":[{"href":"https:\/\/macsmartlife.com\/vi\/wp-json\/wp\/v2\/product"}],"about":[{"href":"https:\/\/macsmartlife.com\/vi\/wp-json\/wp\/v2\/types\/product"}],"replies":[{"embeddable":true,"href":"https:\/\/macsmartlife.com\/vi\/wp-json\/wp\/v2\/comments?post=520"}],"wp:featuredmedia":[{"embeddable":true,"href":"https:\/\/macsmartlife.com\/vi\/wp-json\/wp\/v2\/media\/521"}],"wp:attachment":[{"href":"https:\/\/macsmartlife.com\/vi\/wp-json\/wp\/v2\/media?parent=520"}],"wp:term":[{"taxonomy":"product_cat","embeddable":true,"href":"https:\/\/macsmartlife.com\/vi\/wp-json\/wp\/v2\/product_cat?post=520"},{"taxonomy":"product_tag","embeddable":true,"href":"https:\/\/macsmartlife.com\/vi\/wp-json\/wp\/v2\/product_tag?post=520"}],"curies":[{"name":"wp","href":"https:\/\/api.w.org\/{rel}","templated":true}]}}