{"id":458,"date":"2024-04-17T21:04:26","date_gmt":"2024-04-17T14:04:26","guid":{"rendered":"https:\/\/macsmartlife.com\/?post_type=product&#038;p=458"},"modified":"2025-11-27T23:29:20","modified_gmt":"2025-11-27T16:29:20","slug":"mac-k1","status":"publish","type":"product","link":"https:\/\/macsmartlife.com\/vi\/product\/mac-k1\/","title":{"rendered":"MAC -K1"},"content":{"rendered":"<p><strong>KH\u00d3A \u0110I\u1ec6N T\u1eec NH\u00d4M K\u00cdNH MAC &#8211; K1<\/strong><\/p>\n<ul>\n<li>Kho\u00e1 v\u00e2n tay \u0111i\u1ec1u khi\u1ec3n qua app t\u00edch h\u1ee3p 4 t\u00ednh n\u0103ng: m\u1eadt kh\u1ea9u, v\u00e2n tay, th\u1ebb t\u1eeb, ch\u00eca kh\u00f3a c\u01a1 d\u1ef1 ph\u00f2ng.<\/li>\n<li>Kh\u00f3a c\u00f3 t\u00edch h\u1ee3p ng\u00f4n ng\u1eef Ti\u1ebfng Vi\u1ec7t d\u1ec5 d\u00e0ng s\u1eed d\u1ee5ng.<\/li>\n<li>Ph\u00f9 h\u1ee3p v\u1edbi nh\u1eefng d\u00f2ng c\u1eeda \u0111\u1ed1 h\u1eb9p nh\u01b0 c\u1eeda nh\u00f4m k\u00ednh, c\u1eeda nh\u00f4m xingfa, c\u1eeda s\u1eaft h\u1ed9p, c\u1eeda \u0111a \u0111i\u1ec3m, c\u1eeda l\u00f9a v\u00e0 c\u1eeda nh\u1ef1a l\u00f5i th\u00e9p \u0111\u1ec1u l\u1eafp \u0111\u01b0\u1ee3c v\u00ec \u0111\u1eb7c \u0111i\u1ec3m c\u1ee7a d\u00f2ng kho\u00e1 n\u00e0y r\u1ea5t \u0111a n\u0103ng<\/li>\n<li>V\u00e2n tay b\u00e1n d\u1eabn nh\u1ea1y h\u01a1n nhi\u1ec1u v\u00e2n tay quang h\u1ecdc truy\u1ec1n th\u1ed1ng<\/li>\n<li>Ti\u00eau chu\u1ea9n ch\u1ed1ng n\u01b0\u1edbc IP65.<\/li>\n<li>Kho\u00e1 t\u1ef1 \u0111\u1ed9ng kho\u00e1 sau khi \u0111\u00f3ng c\u1eeda<\/li>\n<li><img loading=\"lazy\" decoding=\"async\" class=\"alignnone size-full wp-image-460\" src=\"https:\/\/macsmartlife.com\/wp-content\/uploads\/2024\/04\/z5358047756108_12f3401c2abe089ecf6a0c96bbd7b2ce.jpg\" alt=\"\" width=\"558\" height=\"786\" \/><\/li>\n<li><img loading=\"lazy\" decoding=\"async\" class=\"alignnone size-full wp-image-461\" src=\"https:\/\/macsmartlife.com\/wp-content\/uploads\/2024\/04\/z5358055651658_0056494c1f12541f459367503acf5b8a.jpg\" alt=\"\" width=\"1926\" height=\"2568\" \/> <img loading=\"lazy\" decoding=\"async\" class=\"alignnone size-full wp-image-468\" src=\"https:\/\/macsmartlife.com\/wp-content\/uploads\/2024\/04\/z5358055691240_b4766859902eb85f12b96107a97e90c2.jpg\" alt=\"\" width=\"1926\" height=\"2568\" \/> <img loading=\"lazy\" decoding=\"async\" class=\"alignnone size-medium wp-image-467\" src=\"https:\/\/macsmartlife.com\/wp-content\/uploads\/2024\/04\/z5358055686064_46bbfd1667104dc9982a094c0eef1ef6.jpg\" alt=\"\" width=\"225\" height=\"300\" \/> <img loading=\"lazy\" decoding=\"async\" class=\"alignnone size-medium wp-image-466\" src=\"https:\/\/macsmartlife.com\/wp-content\/uploads\/2024\/04\/z5358055675130_28f29ad5049d223b629a361ea0b980f5.jpg\" alt=\"\" width=\"225\" height=\"300\" \/> <img loading=\"lazy\" decoding=\"async\" class=\"alignnone size-medium wp-image-465\" src=\"https:\/\/macsmartlife.com\/wp-content\/uploads\/2024\/04\/z5358055673808_86a41deb7de560c004fb0423c5a5e451.jpg\" alt=\"\" width=\"225\" height=\"300\" \/> <img loading=\"lazy\" decoding=\"async\" class=\"alignnone size-medium wp-image-464\" src=\"https:\/\/macsmartlife.com\/wp-content\/uploads\/2024\/04\/z5358055668506_7a5ba2574d35069979fea255e6172ac2.jpg\" alt=\"\" width=\"225\" height=\"300\" \/> <img loading=\"lazy\" decoding=\"async\" class=\"alignnone size-medium wp-image-463\" src=\"https:\/\/macsmartlife.com\/wp-content\/uploads\/2024\/04\/z5358055661477_11efe28073081366ffc2fa2c4b4cce05.jpg\" alt=\"\" width=\"225\" height=\"300\" \/> <img loading=\"lazy\" decoding=\"async\" class=\"alignnone size-medium wp-image-462\" src=\"https:\/\/macsmartlife.com\/wp-content\/uploads\/2024\/04\/z5358055660837_be122f9767a6a7364539c7a245299069.jpg\" alt=\"\" width=\"225\" height=\"300\" \/><\/li>\n<\/ul>\n","protected":false},"excerpt":{"rendered":"[video width=\"480\" height=\"856\" mp4=\"https:\/\/macsmartlife.com\/wp-content\/uploads\/2024\/04\/5358058540111.mp4\"][\/video]\n","protected":false},"featured_media":460,"comment_status":"open","ping_status":"closed","template":"","meta":[],"product_cat":[64],"product_tag":[],"_links":{"self":[{"href":"https:\/\/macsmartlife.com\/vi\/wp-json\/wp\/v2\/product\/458"}],"collection":[{"href":"https:\/\/macsmartlife.com\/vi\/wp-json\/wp\/v2\/product"}],"about":[{"href":"https:\/\/macsmartlife.com\/vi\/wp-json\/wp\/v2\/types\/product"}],"replies":[{"embeddable":true,"href":"https:\/\/macsmartlife.com\/vi\/wp-json\/wp\/v2\/comments?post=458"}],"wp:featuredmedia":[{"embeddable":true,"href":"https:\/\/macsmartlife.com\/vi\/wp-json\/wp\/v2\/media\/460"}],"wp:attachment":[{"href":"https:\/\/macsmartlife.com\/vi\/wp-json\/wp\/v2\/media?parent=458"}],"wp:term":[{"taxonomy":"product_cat","embeddable":true,"href":"https:\/\/macsmartlife.com\/vi\/wp-json\/wp\/v2\/product_cat?post=458"},{"taxonomy":"product_tag","embeddable":true,"href":"https:\/\/macsmartlife.com\/vi\/wp-json\/wp\/v2\/product_tag?post=458"}],"curies":[{"name":"wp","href":"https:\/\/api.w.org\/{rel}","templated":true}]}}