{"id":446,"date":"2024-04-17T20:48:18","date_gmt":"2024-04-17T13:48:18","guid":{"rendered":"https:\/\/macsmartlife.com\/?post_type=product&#038;p=446"},"modified":"2025-11-27T23:29:44","modified_gmt":"2025-11-27T16:29:44","slug":"mac-k2","status":"publish","type":"product","link":"https:\/\/macsmartlife.com\/vi\/product\/mac-k2\/","title":{"rendered":"MAC\/ SEAALUK &#8211; K2"},"content":{"rendered":"<p><strong>KH\u00d3A \u0110I\u1ec6N T\u1eec NH\u00d4M K\u00cdNH MAC\/ SEAALUK &#8211; K2<\/strong><\/p>\n<ul>\n<li>Kho\u00e1 v\u00e2n tay \u0111i\u1ec1u khi\u1ec3n qua app t\u00edch h\u1ee3p 5 t\u00ednh n\u0103ng: m\u1eadt kh\u1ea9u, v\u00e2n tay, th\u1ebb t\u1eeb, ch\u00eca kh\u00f3a c\u01a1 d\u1ef1 ph\u00f2ng v\u00e0 qu\u1ea3n l\u00fd tr\u00ean Smart phone m\u1edf kho\u00e1 t\u1eeb xa.<\/li>\n<li>Ph\u00f9 h\u1ee3p v\u1edbi nh\u1eefng d\u00f2ng c\u1eeda \u0111\u1ed1 h\u1eb9p nh\u01b0 c\u1eeda nh\u00f4m k\u00ednh, c\u1eeda nh\u00f4m xingfa, c\u1eeda s\u1eaft h\u1ed9p, c\u1eeda \u0111a \u0111i\u1ec3m, c\u1eeda l\u00f9a v\u00e0 c\u1eeda nh\u1ef1a l\u00f5i th\u00e9p \u0111\u1ec1u l\u1eafp \u0111\u01b0\u1ee3c v\u00ec \u0111\u1eb7c \u0111i\u1ec3m c\u1ee7a d\u00f2ng kho\u00e1 n\u00e0y r\u1ea5t \u0111a n\u0103ng<\/li>\n<li>\u0110\u1eb7c bi\u1ec7t c\u00f3 th\u1ec3 t\u1ea1o m\u1eadt m\u00e3, th\u1ebb t\u1eeb s\u1eed d\u1ee5ng 1 l\u1ea7n ho\u1eb7c theo chu k\u00ec nh\u1ea5t \u0111\u1ecbnh \u0111\u1ec3 t\u0103ng s\u1ef1 ti\u1ec7n l\u1ee3i tr\u00ean app \u0111i\u1ec7n tho\u1ea1i.<\/li>\n<li>V\u00e2n tay b\u00e1n d\u1eabn nh\u1ea1y h\u01a1n nhi\u1ec1u v\u00e2n tay quang h\u1ecdc truy\u1ec1n th\u1ed1ng<\/li>\n<li>Ti\u00eau chu\u1ea9n ch\u1ed1ng n\u01b0\u1edbc IP65.<\/li>\n<li>Kho\u00e1 t\u1ef1 \u0111\u1ed9ng kho\u00e1 sau khi \u0111\u00f3ng c\u1eeda<\/li>\n<li>App tr\u00ean iPhone &amp; Android, h\u1ed7 tr\u1ee3 ti\u1ebfng Vi\u1ec7t v\u00e0 ti\u1ebfng Anh<\/li>\n<li><img loading=\"lazy\" decoding=\"async\" class=\"alignnone size-full wp-image-449\" src=\"https:\/\/macsmartlife.com\/wp-content\/uploads\/2024\/04\/z5357997265061_bedac13dc2d9f9872fe85f1f359f33bb.jpg\" alt=\"\" width=\"554\" height=\"784\" \/><img loading=\"lazy\" decoding=\"async\" class=\"alignnone size-full wp-image-450\" src=\"https:\/\/macsmartlife.com\/wp-content\/uploads\/2024\/04\/z5357998888027_3d7cb0fb1d3cc85d99a57d8fb984a564.jpg\" alt=\"\" width=\"1926\" height=\"2568\" \/><\/li>\n<li><div style=\"width: 640px;\" class=\"wp-video\"><!--[if lt IE 9]><script>document.createElement('video');<\/script><![endif]-->\n<video class=\"wp-video-shortcode\" id=\"video-446-1\" width=\"640\" height=\"1138\" preload=\"metadata\" controls=\"controls\"><source type=\"video\/mp4\" src=\"https:\/\/macsmartlife.com\/wp-content\/uploads\/2024\/04\/5358003640932.mp4?_=1\" \/><a href=\"https:\/\/macsmartlife.com\/wp-content\/uploads\/2024\/04\/5358003640932.mp4\">https:\/\/macsmartlife.com\/wp-content\/uploads\/2024\/04\/5358003640932.mp4<\/a><\/video><\/div><\/li>\n<\/ul>\n","protected":false},"excerpt":{"rendered":"[video width=\"720\" height=\"1280\" mp4=\"https:\/\/macsmartlife.com\/wp-content\/uploads\/2024\/04\/5358000601375.mp4\"][\/video]\n","protected":false},"featured_media":449,"comment_status":"open","ping_status":"closed","template":"","meta":[],"product_cat":[64],"product_tag":[],"_links":{"self":[{"href":"https:\/\/macsmartlife.com\/vi\/wp-json\/wp\/v2\/product\/446"}],"collection":[{"href":"https:\/\/macsmartlife.com\/vi\/wp-json\/wp\/v2\/product"}],"about":[{"href":"https:\/\/macsmartlife.com\/vi\/wp-json\/wp\/v2\/types\/product"}],"replies":[{"embeddable":true,"href":"https:\/\/macsmartlife.com\/vi\/wp-json\/wp\/v2\/comments?post=446"}],"wp:featuredmedia":[{"embeddable":true,"href":"https:\/\/macsmartlife.com\/vi\/wp-json\/wp\/v2\/media\/449"}],"wp:attachment":[{"href":"https:\/\/macsmartlife.com\/vi\/wp-json\/wp\/v2\/media?parent=446"}],"wp:term":[{"taxonomy":"product_cat","embeddable":true,"href":"https:\/\/macsmartlife.com\/vi\/wp-json\/wp\/v2\/product_cat?post=446"},{"taxonomy":"product_tag","embeddable":true,"href":"https:\/\/macsmartlife.com\/vi\/wp-json\/wp\/v2\/product_tag?post=446"}],"curies":[{"name":"wp","href":"https:\/\/api.w.org\/{rel}","templated":true}]}}