{"id":211,"date":"2023-12-01T12:00:16","date_gmt":"2023-12-01T05:00:16","guid":{"rendered":"https:\/\/mac.lifeyo.vn\/?post_type=product&#038;p=211"},"modified":"2025-10-13T04:35:00","modified_gmt":"2025-10-12T21:35:00","slug":"m6","status":"publish","type":"product","link":"https:\/\/macsmartlife.com\/vi\/product\/m6\/","title":{"rendered":"MAC &#8211; M6"},"content":{"rendered":"<div id=\"messageView\" class=\"message-view \" tabindex=\"21\">\n<div id=\"messageViewContainer\" class=\" message-view__scroll \">\n<div id=\"messageViewScroll\" class=\"message-view__scroll__inner --less-space preview-ts fadeInAndOut \">\n<div class=\"block-date\">\n<div class=\"chat-item flx me\">\n<div class=\"chat-content flx flx-col flx-cell\">\n<div id=\"bb_msg_id_1713350175662\" class=\"chat-message wrap-message rotate-container me -send-time -reaction bubble-jump-target\" data-node-type=\"bubble-message\">\n<div class=\"\">\n<div class=\"card card-with-reaction-v2 me last-msg has-status card--text\" data-id=\"div_LastSentMsg_Text\">\n<div class=\"overflow-hidden\"><span class=\"text\"><strong>T\u00ednh n\u0103ng n\u1ed5i b\u1eadt c\u1ee7a kh\u00f3a v\u00e2n tay MAC &#8211; M6<\/strong><\/span><\/div>\n<div class=\"overflow-hidden\"><span class=\"text\">Kh\u00f3a c\u1eeda th\u00f4ng minh <strong>MAC &#8211; M6<\/strong> v\u1eadn h\u00e0nh m\u1edf kh\u00f3a b\u1eb1ng ph\u01b0\u01a1ng th\u1ee9c b\u1ea3o m\u1eadt: <em><strong>Khu\u00f4n m\u1eb7t,\u00a0 v\u00e2n tay, th\u1ebb t\u1eeb, m\u1eadt m\u00e3, ch\u00eca c\u01a1, App Usmart &#8211; Go, t\u00edch h\u1ee3p camera &#8211; \u0111\u00e0m tho\u1ea1i tr\u1ef1c ti\u1ebfp tr\u00ean kh\u00f3a. <\/strong><\/em><\/span><\/div>\n<div class=\"overflow-hidden\"><span class=\"text\">Th\u00e2n kh\u00f3a to\u00e0n b\u1ed9 \u0111\u01b0\u1ee3c l\u00e0m t\u1eeb h\u1ee3p kim nh\u00f4m si\u00eau b\u1ec1n, ph\u1ee7 3 l\u1edbp kim lo\u1ea1i s\u00e1ng b\u00f3ng gi\u00fap ch\u1ed1ng \u1ea9m, ch\u1ed1ng x\u01b0\u1edbc.<\/span><\/div>\n<div class=\"overflow-hidden\"><span class=\"text\">Chu\u00f4ng c\u1ea3nh b\u00e1o khi c\u00f3 hi\u1ec7n t\u01b0\u1ee3ng \u0111\u1ed9t nh\u1eadp l\u1ea1 hay c\u1ed1 t\u00ecnh ph\u00e1 kh\u00f3a, <strong>MAC -M6<\/strong> h\u01b0\u1edbng t\u1edbi s\u1ef1 an to\u00e0n. <\/span><\/div>\n<div class=\"overflow-hidden\"><span class=\"text\">\u2013 Th\u00e2n m\u00e1y thanh l\u1ecbch, thi\u1ebft k\u1ebf ti\u00ean ti\u1ebfn, tay c\u1ea7m c\u1ed1 \u0111\u1ecbnh ti\u1ec7n l\u1ee3i, gi\u00fap vi\u1ec7c m\u1edf kh\u00f3a tr\u1edf l\u00ean \u0111\u01a1n gi\u1ea3n v\u00e0 ti\u1ec7n l\u1ee3i, \u0111\u01b0\u1eddng n\u00e9t tinh t\u1ebf m\u00e0 v\u1eabn sang tr\u1ecdng v\u1edbi v\u1ebb ngo\u00e0i s\u00e1ng b\u00f3ng.<\/span><\/div>\n<div class=\"overflow-hidden\"><span class=\"text\"> \u2013 Ti\u1ebfng \u1ed3n th\u1ea5p, ti\u1ebft ki\u1ec7m n\u0103ng l\u01b0\u1ee3ng, b\u1ea3o v\u1ec7 m\u00f4i tr\u01b0\u1eddng v\u00e0 an to\u00e0n.<\/span><\/div>\n<div><span class=\"text\">\u2013 T\u00ednh n\u0103ng nh\u1eadn di\u1ec7n khu\u00f4n m\u1eb7t ph\u00f9 h\u1ee3p cho c\u1ea3 ng\u01b0\u1eddi gi\u00e0 v\u00e0 tr\u1ebb nh\u1ecf.<\/span><\/div>\n<div class=\"overflow-hidden\"><span class=\"text\">\u2013 B\u1ec1 m\u1eb7t ph\u1ee7 l\u1edbp s\u01a1n m\u1ea1 crom, b\u1ec1n \u0111\u1eb9p, ch\u1ed1ng x\u01b0\u1edbc v\u00e0 kh\u00e1ng khu\u1ea9n t\u1ed1t, kh\u00f4ng phai m\u00e0u, ch\u1ed1ng oxy h\u00f3a, ch\u1ed1ng \u0103n m\u00f2n.<\/span><\/div>\n<div class=\"overflow-hidden\"><span class=\"text\"> \u2013 Nh\u1eadn d\u1ea1ng v\u00e2n tay: sinh tr\u1eafc h\u1ecdc b\u00e1n d\u1eabn ( C\u00f3 th\u1ec3 \u0111\u0103ng k\u00fd 100 d\u1ea5u v\u00e2n tay), t\u1ec9 l\u1ec7 nh\u1eadn d\u1ea1ng sai d\u1ea5u v\u00e2n tay <\/span><\/div>\n<div class=\"overflow-hidden\"><span class=\"text\">\u2013 M\u1eadt kh\u1ea9u \u1ea3o: Th\u00eam b\u1ea5t k\u1ef3 s\u1ed1 n\u00e0o v\u00e0o tr\u01b0\u1edbc ho\u1eb7c sau m\u1eadt kh\u1ea9u ch\u00ednh x\u00e1c \u0111\u1ec3 m\u1edf c\u1eeda, c\u00f3 th\u1ec3 l\u00ean t\u1edbi 12 bit \u0111\u1ec3 b\u1ea3o m\u1eadt khi\u1ebfn ng\u01b0\u1eddi b\u00ean c\u1ea1nh kh\u00f4ng th\u1ec3 \u0111o\u00e1n \u0111\u01b0\u1ee3c m\u1eadt m\u00e3 gia \u0111\u00ecnh b\u1ea1n d\u00f9 b\u1ea5t c\u1ee9 h\u00ecnh th\u1ee9c n\u00e0o. <\/span><\/div>\n<div class=\"overflow-hidden\"><span class=\"text\">\u2013 Ch\u1ee9c n\u0103ng th\u1ebb NFC: B\u1ea1n c\u00f3 th\u1ec3 s\u1eed d\u1ee5ng t\u00ednh n\u0103ng NFC tr\u00ean \u0111i\u1ec7n tho\u1ea1i di \u0111\u1ed9ng v\u00e0 kh\u00f4ng c\u1ea7n ph\u1ea3i mang theo th\u1ebb ph\u1ee5 \u0111\u1ec3 m\u1edf c\u1eeda.\u00a0 <\/span><\/div>\n<div class=\"overflow-hidden\"><span class=\"text\">\u2013 Th\u00e2n kh\u00f3a b\u1eb1ng th\u00e9p kh\u00f4ng g\u1ec9 304, b\u1ec1n b\u1ec9 theo th\u1eddi gian<\/span><\/div>\n<div class=\"overflow-hidden\"><span class=\"text\"> \u2013 Ngu\u1ed3n \u0111i\u1ec7n kh\u1ea9n c\u1ea5p USB, gi\u1ea3i ph\u00e1p khi kh\u00f3a h\u1ebft pin. <\/span><\/div>\n<div class=\"overflow-hidden\"><span class=\"text\">\u2013 S\u1eed d\u1ee5ng pin theo kh\u00f3a n\u00e2ng cao \u0111\u1ed9 \u1ed5n \u0111\u1ecbnh v\u00e0 \u0111\u1ed9 b\u1ec1n, dung l\u01b0\u1ee3ng l\u00ean t\u1edbi 2500 l\u1ea7n m\u1edf c\u1eeda cho 1 l\u1ea7n thay pin.<\/span><\/div>\n<div>\n<p><img loading=\"lazy\" decoding=\"async\" class=\"alignnone size-full wp-image-376\" src=\"https:\/\/macsmartlife.com\/wp-content\/uploads\/2023\/12\/z5357568575431_f79ad80f78150c94cc03e9cdd816474b.jpg\" alt=\"\" width=\"557\" height=\"786\" \/><\/p>\n<div style=\"width: 640px;\" class=\"wp-video\"><!--[if lt IE 9]><script>document.createElement('video');<\/script><![endif]-->\n<video class=\"wp-video-shortcode\" id=\"video-211-1\" width=\"640\" height=\"1138\" preload=\"metadata\" controls=\"controls\"><source type=\"video\/mp4\" src=\"https:\/\/macsmartlife.com\/wp-content\/uploads\/2023\/12\/5357555838095.mp4?_=1\" \/><a href=\"https:\/\/macsmartlife.com\/wp-content\/uploads\/2023\/12\/5357555838095.mp4\">https:\/\/macsmartlife.com\/wp-content\/uploads\/2023\/12\/5357555838095.mp4<\/a><\/video><\/div>\n<div style=\"width: 640px;\" class=\"wp-video\"><video class=\"wp-video-shortcode\" id=\"video-211-2\" width=\"640\" height=\"1138\" preload=\"metadata\" controls=\"controls\"><source type=\"video\/mp4\" src=\"https:\/\/macsmartlife.com\/wp-content\/uploads\/2023\/12\/5357555837366.mp4?_=2\" \/><a href=\"https:\/\/macsmartlife.com\/wp-content\/uploads\/2023\/12\/5357555837366.mp4\">https:\/\/macsmartlife.com\/wp-content\/uploads\/2023\/12\/5357555837366.mp4<\/a><\/video><\/div>\n<\/div>\n<div><img loading=\"lazy\" decoding=\"async\" class=\"alignnone size-full wp-image-374\" src=\"https:\/\/macsmartlife.com\/wp-content\/uploads\/2023\/12\/z5357555827474_564a0677cb5512202e413abcf9e5e066.jpg\" alt=\"\" width=\"1920\" height=\"2560\" \/> <img loading=\"lazy\" decoding=\"async\" class=\"alignnone size-full wp-image-375\" src=\"https:\/\/macsmartlife.com\/wp-content\/uploads\/2023\/12\/z5357555835095_1ec03d589a08f573eb1d62c1212055e8.jpg\" alt=\"\" width=\"1920\" height=\"2560\" \/> <img loading=\"lazy\" decoding=\"async\" class=\"alignnone wp-image-368 size-full\" src=\"https:\/\/macsmartlife.com\/wp-content\/uploads\/2023\/12\/z5357555795733_025cc0e5a694877acecf35e90a750acd.jpg\" alt=\"\" width=\"1920\" height=\"2560\" \/> <img loading=\"lazy\" decoding=\"async\" class=\"alignnone size-full wp-image-367\" src=\"https:\/\/macsmartlife.com\/wp-content\/uploads\/2023\/12\/z5357555791875_98243448462423badf01cbb1f4cec6b3.jpg\" alt=\"\" width=\"1920\" height=\"2560\" \/><\/div>\n<div class=\"overflow-hidden\"><span class=\"text\">\u00a0<\/span><\/div>\n<\/div>\n<\/div>\n<\/div>\n<\/div>\n<\/div>\n<\/div>\n<\/div>\n<\/div>\n<\/div>\n<div id=\"chat-box-input-container-id\" class=\"chat-box-input-container\">\n<div id=\"chatInput\" class=\"chat-box-input--audit-2023 chat-box-input--to-focus win32\">\n<div class=\"chat-box-input--audit-2023__heading\"><\/div>\n<div id=\"chat-input-container-id\" class=\"chat-input-container--audit-2023\">\n<div class=\"chat-input-container--audit-2023__left-layout\">\n<div id=\"chat-input-scroller-id\" class=\"chat-input-scrollable\">\n<div class=\"chat-input-wrapper\">\n<div id=\"chat-input-content-id\" class=\"chat-input-content\">\n<div id=\"richInput\" class=\"rich-input empty\" tabindex=\"1\" contenteditable=\"false\" spellcheck=\"false\" data-keybinding-context=\"mainChatInputFocus#1\" data-translate-placeholder=\"STR_MESSAGE_TO\" data-trailer=\"Cloud c\u1ee7a t\u00f4i\">\n<div id=\"input_line_0\"><\/div>\n<\/div>\n<\/div>\n<\/div>\n<\/div>\n<\/div>\n<\/div>\n<\/div>\n<\/div>\n","protected":false},"excerpt":{"rendered":"[video width=\"720\" height=\"1280\" mp4=\"https:\/\/macsmartlife.com\/wp-content\/uploads\/2023\/12\/5355061341784.mp4\"][\/video]\n","protected":false},"featured_media":376,"comment_status":"open","ping_status":"closed","template":"","meta":[],"product_cat":[35],"product_tag":[63,34],"_links":{"self":[{"href":"https:\/\/macsmartlife.com\/vi\/wp-json\/wp\/v2\/product\/211"}],"collection":[{"href":"https:\/\/macsmartlife.com\/vi\/wp-json\/wp\/v2\/product"}],"about":[{"href":"https:\/\/macsmartlife.com\/vi\/wp-json\/wp\/v2\/types\/product"}],"replies":[{"embeddable":true,"href":"https:\/\/macsmartlife.com\/vi\/wp-json\/wp\/v2\/comments?post=211"}],"wp:featuredmedia":[{"embeddable":true,"href":"https:\/\/macsmartlife.com\/vi\/wp-json\/wp\/v2\/media\/376"}],"wp:attachment":[{"href":"https:\/\/macsmartlife.com\/vi\/wp-json\/wp\/v2\/media?parent=211"}],"wp:term":[{"taxonomy":"product_cat","embeddable":true,"href":"https:\/\/macsmartlife.com\/vi\/wp-json\/wp\/v2\/product_cat?post=211"},{"taxonomy":"product_tag","embeddable":true,"href":"https:\/\/macsmartlife.com\/vi\/wp-json\/wp\/v2\/product_tag?post=211"}],"curies":[{"name":"wp","href":"https:\/\/api.w.org\/{rel}","templated":true}]}}