{"id":526,"date":"2024-11-18T10:59:30","date_gmt":"2024-11-18T03:59:30","guid":{"rendered":"https:\/\/macsmartlife.com\/?post_type=product&#038;p=526"},"modified":"2026-04-11T16:18:07","modified_gmt":"2026-04-11T09:18:07","slug":"h6-mac","status":"publish","type":"product","link":"https:\/\/macsmartlife.com\/en_US\/product\/h6-mac\/","title":{"rendered":"H6 &#8211; MAC"},"content":{"rendered":"<ul>\n<li>\n<div class=\"overflow-hidden\"><span class=\"text\"><strong><span style=\"vertical-align: inherit;\"><span style=\"vertical-align: inherit;\"><span style=\"vertical-align: inherit;\"><span style=\"vertical-align: inherit;\"><span style=\"vertical-align: inherit;\"><span style=\"vertical-align: inherit;\"><span style=\"vertical-align: inherit;\"><span style=\"vertical-align: inherit;\">T\u00ednh n\u0103ng n\u1ed5i b\u1eadt c\u1ee7a kh\u00f3a v\u00e2n tay H6 &#8211; MAC<\/span><\/span><\/span><\/span><\/span><\/span><\/span><\/span><\/strong><\/span><\/div>\n<div class=\"overflow-hidden\"><span class=\"text\"><span style=\"vertical-align: inherit;\"><span style=\"vertical-align: inherit;\"><span style=\"vertical-align: inherit;\"><span style=\"vertical-align: inherit;\"><span style=\"vertical-align: inherit;\"><span style=\"vertical-align: inherit;\"><span style=\"vertical-align: inherit;\"><span style=\"vertical-align: inherit;\">Kh\u00f3a c\u1eeda th\u00f4ng minh <\/span><\/span><\/span><\/span><\/span><\/span><\/span><\/span><strong><span style=\"vertical-align: inherit;\"><span style=\"vertical-align: inherit;\"><span style=\"vertical-align: inherit;\"><span style=\"vertical-align: inherit;\"><span style=\"vertical-align: inherit;\"><span style=\"vertical-align: inherit;\"><span style=\"vertical-align: inherit;\"><span style=\"vertical-align: inherit;\">H6 &#8211; MAC<\/span><\/span><\/span><\/span><\/span><\/span><\/span><\/span><\/strong><span style=\"vertical-align: inherit;\"><span style=\"vertical-align: inherit;\"><span style=\"vertical-align: inherit;\"><span style=\"vertical-align: inherit;\"><span style=\"vertical-align: inherit;\"><span style=\"vertical-align: inherit;\"><span style=\"vertical-align: inherit;\"><span style=\"vertical-align: inherit;\"> \u00a0v\u1eadn h\u00e0nh m\u1edf kh\u00f3a b\u1eb1ng ph\u01b0\u01a1ng th\u1ee9c b\u1ea3o m\u1eadt:\u00a0 <\/span><\/span><\/span><\/span><\/span><\/span><\/span><\/span><em><strong><span style=\"vertical-align: inherit;\"><span style=\"vertical-align: inherit;\"><span style=\"vertical-align: inherit;\"><span style=\"vertical-align: inherit;\"><span style=\"vertical-align: inherit;\"><span style=\"vertical-align: inherit;\"><span style=\"vertical-align: inherit;\"><span style=\"vertical-align: inherit;\">Khu\u00f4n m\u1eb7t, v\u00e2n tay, th\u1ebb t\u1eeb, m\u1eadt m\u00e3, \u0111\u1ed3ng c\u01a1 s\u1edf, App Usmart \u2013 Go, t\u00edch h\u1ee3p camera.<\/span><\/span><\/span><\/span><\/span><\/span><\/span><\/span><\/strong><\/em><\/span><\/div>\n<div class=\"overflow-hidden\"><span class=\"text\"><span style=\"vertical-align: inherit;\"><span style=\"vertical-align: inherit;\"><span style=\"vertical-align: inherit;\"><span style=\"vertical-align: inherit;\"><span style=\"vertical-align: inherit;\"><span style=\"vertical-align: inherit;\"><span style=\"vertical-align: inherit;\"><span style=\"vertical-align: inherit;\">Th\u00e2n kh\u00f3a to\u00e0n b\u1ed9 \u0111\u01b0\u1ee3c l\u00e0m t\u1eeb h\u1ee3p kim nh\u00f4m si\u00eau b\u1ec1n, ph\u1ee7 3 l\u1edbp kim lo\u1ea1i s\u00e1ng b\u00f3ng gi\u00fap ch\u1ed1ng \u1ea9m, ch\u1ed1ng ch\u1ed1ng.<\/span><\/span><\/span><\/span><\/span><\/span><\/span><\/span><\/span><\/div>\n<div class=\"overflow-hidden\"><span class=\"text\"><span style=\"vertical-align: inherit;\"><span style=\"vertical-align: inherit;\"><span style=\"vertical-align: inherit;\"><span style=\"vertical-align: inherit;\"><span style=\"vertical-align: inherit;\"><span style=\"vertical-align: inherit;\"><span style=\"vertical-align: inherit;\"><span style=\"vertical-align: inherit;\">Chu\u00f4ng c\u1ea3nh b\u00e1o khi c\u00f3 hi\u1ec7n t\u01b0\u1ee3ng l\u1ea1 nh\u1eadp bi\u1ec3u t\u01b0\u1ee3ng ho\u1eb7c c\u1ed1 g\u1eafng kh\u00e1m ph\u00e1 kh\u00f3a, <\/span><\/span><\/span><\/span><\/span><\/span><\/span><\/span><strong><span style=\"vertical-align: inherit;\"><span style=\"vertical-align: inherit;\"><span style=\"vertical-align: inherit;\"><span style=\"vertical-align: inherit;\"><span style=\"vertical-align: inherit;\"><span style=\"vertical-align: inherit;\"><span style=\"vertical-align: inherit;\"><span style=\"vertical-align: inherit;\">H6 &#8211; <\/span><\/span><\/span><\/span><\/span><\/span><\/span><\/span><\/strong><span style=\"vertical-align: inherit;\"><span style=\"vertical-align: inherit;\"><span style=\"vertical-align: inherit;\"><span style=\"vertical-align: inherit;\"><span style=\"vertical-align: inherit;\"><span style=\"vertical-align: inherit;\"><strong><span style=\"vertical-align: inherit;\"><span style=\"vertical-align: inherit;\">MAC<\/span><\/span><\/strong><span style=\"vertical-align: inherit;\"><span style=\"vertical-align: inherit;\"> h\u01b0\u1edbng t\u1edbi s\u1ef1 to\u00e0n v\u1eb9n.<\/span><\/span><\/span><\/span><\/span><\/span><\/span><\/span><\/span><\/div>\n<div class=\"overflow-hidden\"><span class=\"text\"><span style=\"vertical-align: inherit;\"><span style=\"vertical-align: inherit;\"><span style=\"vertical-align: inherit;\"><span style=\"vertical-align: inherit;\"><span style=\"vertical-align: inherit;\"><span style=\"vertical-align: inherit;\"><span style=\"vertical-align: inherit;\"><span style=\"vertical-align: inherit;\">\u2013 Th\u00e2n m\u00e1y thanh l\u1ecbch, thi\u1ebft k\u1ebf ti\u00ean ti\u1ebfn, tay c\u1ea7m c\u1ed1 \u0111\u1ecbnh ti\u1ec7n l\u1ee3i, gi\u00fap vi\u1ec7c m\u1edf kh\u00f3a tr\u1edf n\u00ean \u0111\u01a1n gi\u1ea3n v\u00e0 ti\u1ec7n l\u1ee3i, \u0111\u01b0\u1eddng n\u00e9t tinh t\u1ebf m\u00e0 v\u1eabn quan tr\u1ecdng v\u1edbi v\u1ebb ngo\u00e0i s\u00e1ng b\u00f3ng.<\/span><\/span><\/span><\/span><\/span><\/span><\/span><\/span><\/span><\/div>\n<div><span class=\"text\"><span style=\"vertical-align: inherit;\"><span style=\"vertical-align: inherit;\"><span style=\"vertical-align: inherit;\"><span style=\"vertical-align: inherit;\"><span style=\"vertical-align: inherit;\"><span style=\"vertical-align: inherit;\"><span style=\"vertical-align: inherit;\"><span style=\"vertical-align: inherit;\">\u2013 C\u1ea5u h\u00ecnh b\u1eb1ng c\u00f4ng ngh\u1ec7 CNC hi\u1ec7n \u0111\u1ea1i \u0111\u1ea3m b\u1ea3o m\u1eadt kh\u1ea9u c\u1ee7a kh\u00f3a, gi\u00fap kh\u00f3a b\u1ec1n h\u01a1n v\u00e0 h\u1ea1n ch\u1ebf ch\u1ebf \u0111\u1ed9 oxy h\u00f3a.<\/span><\/span><\/span><\/span><\/span><\/span><\/span><\/span><\/span><\/div>\n<div><span class=\"text\"><span style=\"vertical-align: inherit;\"><span style=\"vertical-align: inherit;\"><span style=\"vertical-align: inherit;\"><span style=\"vertical-align: inherit;\"><span style=\"vertical-align: inherit;\"><span style=\"vertical-align: inherit;\"><span style=\"vertical-align: inherit;\"><span style=\"vertical-align: inherit;\">\u2013 M\u1eb7t kh\u00f3a \u0111\u01b0\u1ee3c l\u00e0m b\u1eb1ng k\u00ednh c\u01b0\u1eddng l\u1ef1c, ch\u1ecbu nhi\u1ec7t t\u1ed1t s\u1eeda \u0111\u1ed5i ch\u1ebf \u0111\u1ed9.<\/span><\/span><\/span><\/span><\/span><\/span><\/span><\/span><\/span><\/div>\n<div class=\"overflow-hidden\"><span class=\"text\"><span style=\"vertical-align: inherit;\"><span style=\"vertical-align: inherit;\"><span style=\"vertical-align: inherit;\"><span style=\"vertical-align: inherit;\"><span style=\"vertical-align: inherit;\"><span style=\"vertical-align: inherit;\"><span style=\"vertical-align: inherit;\"><span style=\"vertical-align: inherit;\">\u2013 Ti\u1ebfng \u1ed3n th\u1ea5p, ti\u1ebft ki\u1ec7m n\u0103ng l\u01b0\u1ee3ng, b\u1ea3o v\u1ec7 m\u00f4i tr\u01b0\u1eddng v\u00e0 an to\u00e0n.<\/span><\/span><\/span><\/span><\/span><\/span><\/span><\/span><\/span><\/div>\n<div><span class=\"text\"><span style=\"vertical-align: inherit;\"><span style=\"vertical-align: inherit;\"><span style=\"vertical-align: inherit;\"><span style=\"vertical-align: inherit;\"><span style=\"vertical-align: inherit;\"><span style=\"vertical-align: inherit;\"><span style=\"vertical-align: inherit;\"><span style=\"vertical-align: inherit;\">\u2013 T\u00ednh n\u0103ng nh\u1eadn d\u1ea1ng khu\u00f4n m\u1eb7t ph\u00f9 h\u1ee3p cho c\u1ea3 ng\u01b0\u1eddi gi\u00e0 v\u00e0 tr\u1ebb nh\u1ecf.<\/span><\/span><\/span><\/span><\/span><\/span><\/span><\/span><\/span><\/div>\n<div class=\"overflow-hidden\"><span class=\"text\"><span style=\"vertical-align: inherit;\"><span style=\"vertical-align: inherit;\"><span style=\"vertical-align: inherit;\"><span style=\"vertical-align: inherit;\"><span style=\"vertical-align: inherit;\"><span style=\"vertical-align: inherit;\"><span style=\"vertical-align: inherit;\"><span style=\"vertical-align: inherit;\">\u2013 B\u1ec1 m\u1eb7t ph\u1ee7 l\u1edbp s\u01a1n nano cao c\u1ea5p, b\u1ec1n \u0111\u1eb9p, ch\u1ed1ng tr\u01b0\u1ee3t v\u00e0 kh\u00e1ng khu\u1ea9n t\u1ed1t, kh\u00f4ng phai m\u00e0u, ch\u1ed1ng oxy h\u00f3a, ch\u1ed1ng \u0103n m\u00f2n.<\/span><\/span><\/span><\/span><\/span><\/span><\/span><\/span><\/span><\/div>\n<div class=\"overflow-hidden\"><span class=\"text\"><span style=\"vertical-align: inherit;\"><span style=\"vertical-align: inherit;\"><span style=\"vertical-align: inherit;\"><span style=\"vertical-align: inherit;\"><span style=\"vertical-align: inherit;\"><span style=\"vertical-align: inherit;\"><span style=\"vertical-align: inherit;\"><span style=\"vertical-align: inherit;\">\u2013 Nh\u1eadn d\u1ea1ng v\u00e2n tay: sinh tr\u1eafc h\u1ecdc b\u00e1n d\u1eabn ( C\u00f3 th\u1ec3 \u0111\u0103ng k\u00fd 100 d\u1ea5u v\u00e2n tay), h\u1ea1n ch\u1ebf ch\u1ebf \u0111\u1ed9 nh\u1eadn d\u1ea1ng sai d\u1ea5u v\u00e2n tay<\/span><\/span><\/span><\/span><\/span><\/span><\/span><\/span><\/span><\/div>\n<div class=\"overflow-hidden\"><span class=\"text\"><span style=\"vertical-align: inherit;\"><span style=\"vertical-align: inherit;\"><span style=\"vertical-align: inherit;\"><span style=\"vertical-align: inherit;\"><span style=\"vertical-align: inherit;\"><span style=\"vertical-align: inherit;\"><span style=\"vertical-align: inherit;\"><span style=\"vertical-align: inherit;\">\u2013 M\u1eadt kh\u1ea9u \u1ea3o: Th\u00eam b\u1ea5t k\u1ef3 s\u1ed1 n\u00e0o v\u00e0o tr\u01b0\u1edbc ho\u1eb7c sau ch\u00ednh x\u00e1c m\u1eadt kh\u1ea9u \u0111\u1ec3 m\u1edf c\u1eeda, c\u00f3 th\u1ec3 l\u00ean t\u1edbi 12 biz \u0111\u1ec3 b\u1ea3o m\u1eadt b\u00ean c\u1ea1nh kh\u00f4ng th\u1ec3 \u0111o\u00e1n \u0111\u01b0\u1ee3c m\u1eadt m\u00e3 gia \u0111\u00ecnh b\u1ea1n d\u00f9 b\u1ea5t k\u1ef3 h\u00ecnh th\u1ee9c n\u00e0o .<\/span><\/span><\/span><\/span><\/span><\/span><\/span><\/span><\/span><\/div>\n<div class=\"overflow-hidden\"><span class=\"text\"><span style=\"vertical-align: inherit;\"><span style=\"vertical-align: inherit;\"><span style=\"vertical-align: inherit;\"><span style=\"vertical-align: inherit;\"><span style=\"vertical-align: inherit;\"><span style=\"vertical-align: inherit;\"><span style=\"vertical-align: inherit;\"><span style=\"vertical-align: inherit;\">\u2013 Ch\u1ee9c n\u0103ng th\u1ebb NFC: B\u1ea1n c\u00f3 th\u1ec3 s\u1eed d\u1ee5ng t\u00ednh n\u0103ng NFC tr\u00ean \u0111i\u1ec7n tho\u1ea1i di \u0111\u1ed9ng v\u00e0 kh\u00f4ng c\u1ea7n ph\u1ea3i mang th\u1ebb ph\u1ee5 \u0111\u1ec3 m\u1edf c\u1eeda.\u00a0<\/span><\/span><\/span><\/span><\/span><\/span><\/span><\/span><\/span><\/div>\n<div class=\"overflow-hidden\"><span class=\"text\"><span style=\"vertical-align: inherit;\"><span style=\"vertical-align: inherit;\"><span style=\"vertical-align: inherit;\"><span style=\"vertical-align: inherit;\"><span style=\"vertical-align: inherit;\"><span style=\"vertical-align: inherit;\"><span style=\"vertical-align: inherit;\"><span style=\"vertical-align: inherit;\">\u2013 Th\u00e2n kh\u00f3a b\u1eb1ng th\u00e9p kh\u00f4ng g\u1ec9 304, b\u1ec1n b\u1ec9 theo th\u1eddi gian<\/span><\/span><\/span><\/span><\/span><\/span><\/span><\/span><\/span><\/div>\n<div class=\"overflow-hidden\"><span class=\"text\"><span style=\"vertical-align: inherit;\"><span style=\"vertical-align: inherit;\"><span style=\"vertical-align: inherit;\"><span style=\"vertical-align: inherit;\"><span style=\"vertical-align: inherit;\"><span style=\"vertical-align: inherit;\"><span style=\"vertical-align: inherit;\"><span style=\"vertical-align: inherit;\">\u2013 Ngu\u1ed3n \u0111i\u1ec7n kh\u1ea9n c\u1ea5p USB, gi\u1ea3i ph\u00e1p khi kh\u00f3a h\u1ebft pin.<\/span><\/span><\/span><\/span><\/span><\/span><\/span><\/span><\/span><\/div>\n<div class=\"overflow-hidden\"><span class=\"text\"><span style=\"vertical-align: inherit;\"><span style=\"vertical-align: inherit;\"><span style=\"vertical-align: inherit;\"><span style=\"vertical-align: inherit;\"><span style=\"vertical-align: inherit;\"><span style=\"vertical-align: inherit;\"><span style=\"vertical-align: inherit;\"><span style=\"vertical-align: inherit;\">\u2013 S\u1eed d\u1ee5ng pin theo m\u1ee9c \u0111\u1ed9 n\u00e2ng c\u1ea5p kh\u00f3a \u1ed5n \u0111\u1ecbnh v\u00e0 ch\u1eafc ch\u1eafn, t\u0103ng dung l\u01b0\u1ee3ng l\u00ean 2500 l\u1ea7n m\u1edf t\u1edbi c\u1eeda s\u1ed5 1 l\u1ea7n thay pin.<\/span><\/span><\/span><\/span><\/span><\/span><\/span><\/span><\/span><\/div>\n<\/li>\n<\/ul>\n","protected":false},"excerpt":{"rendered":"<ul>\n<li>\n<div class=\"overflow-hidden\"><span class=\"text\"><strong><span style=\"vertical-align: inherit;\"><span style=\"vertical-align: inherit;\"><span style=\"vertical-align: inherit;\"><span style=\"vertical-align: inherit;\"><span style=\"vertical-align: inherit;\"><span style=\"vertical-align: inherit;\">T\u00ednh n\u0103ng n\u1ed5i b\u1eadt c\u1ee7a kh\u00f3a v\u00e2n tay H6 &#8211; MAC<\/span><\/span><\/span><\/span><\/span><\/span><\/strong><\/span><\/div>\n<div class=\"overflow-hidden\"><span class=\"text\"><span style=\"vertical-align: inherit;\"><span style=\"vertical-align: inherit;\"><span style=\"vertical-align: inherit;\"><span style=\"vertical-align: inherit;\"><span style=\"vertical-align: inherit;\"><span style=\"vertical-align: inherit;\">Kh\u00f3a c\u1eeda th\u00f4ng minh <\/span><\/span><\/span><\/span><\/span><\/span><strong><span style=\"vertical-align: inherit;\"><span style=\"vertical-align: inherit;\"><span style=\"vertical-align: inherit;\"><span style=\"vertical-align: inherit;\"><span style=\"vertical-align: inherit;\"><span style=\"vertical-align: inherit;\">H6 &#8211; MAC<\/span><\/span><\/span><\/span><\/span><\/span><\/strong><span style=\"vertical-align: inherit;\"><span style=\"vertical-align: inherit;\"><span style=\"vertical-align: inherit;\"><span style=\"vertical-align: inherit;\"><span style=\"vertical-align: inherit;\"><span style=\"vertical-align: inherit;\"> \u00a0v\u1eadn h\u00e0nh m\u1edf kh\u00f3a b\u1eb1ng ph\u01b0\u01a1ng th\u1ee9c b\u1ea3o m\u1eadt:\u00a0 <\/span><\/span><\/span><\/span><\/span><\/span><em><strong><span style=\"vertical-align: inherit;\"><span style=\"vertical-align: inherit;\"><span style=\"vertical-align: inherit;\"><span style=\"vertical-align: inherit;\"><span style=\"vertical-align: inherit;\"><span style=\"vertical-align: inherit;\">Khu\u00f4n m\u1eb7t, v\u00e2n tay, th\u1ebb t\u1eeb, m\u1eadt m\u00e3, \u0111\u1ed3ng c\u01a1 s\u1edf, App Usmart \u2013 Go, t\u00edch h\u1ee3p camera.<\/span><\/span><\/span><\/span><\/span><\/span><\/strong><\/em><\/span><\/div>\n<div class=\"overflow-hidden\"><span class=\"text\"><span style=\"vertical-align: inherit;\"><span style=\"vertical-align: inherit;\"><span style=\"vertical-align: inherit;\"><span style=\"vertical-align: inherit;\"><span style=\"vertical-align: inherit;\"><span style=\"vertical-align: inherit;\">Th\u00e2n kh\u00f3a to\u00e0n b\u1ed9 \u0111\u01b0\u1ee3c l\u00e0m t\u1eeb h\u1ee3p kim nh\u00f4m si\u00eau b\u1ec1n, ph\u1ee7 3 l\u1edbp kim lo\u1ea1i s\u00e1ng b\u00f3ng gi\u00fap ch\u1ed1ng \u1ea9m, ch\u1ed1ng ch\u1ed1ng.<\/span><\/span><\/span><\/span><\/span><\/span><\/span><\/div>\n<div class=\"overflow-hidden\"><span class=\"text\"><span style=\"vertical-align: inherit;\"><span style=\"vertical-align: inherit;\"><span style=\"vertical-align: inherit;\"><span style=\"vertical-align: inherit;\"><span style=\"vertical-align: inherit;\"><span style=\"vertical-align: inherit;\">Chu\u00f4ng c\u1ea3nh b\u00e1o khi c\u00f3 hi\u1ec7n t\u01b0\u1ee3ng l\u1ea1 nh\u1eadp bi\u1ec3u t\u01b0\u1ee3ng ho\u1eb7c c\u1ed1 g\u1eafng kh\u00e1m ph\u00e1 kh\u00f3a, <\/span><\/span><\/span><\/span><\/span><\/span><strong><span style=\"vertical-align: inherit;\"><span style=\"vertical-align: inherit;\"><span style=\"vertical-align: inherit;\"><span style=\"vertical-align: inherit;\"><span style=\"vertical-align: inherit;\"><span style=\"vertical-align: inherit;\">H6 &#8211;<\/span><\/span><\/span><\/span><\/span><\/span><\/strong><span style=\"vertical-align: inherit;\"><span style=\"vertical-align: inherit;\"><span style=\"vertical-align: inherit;\"><span style=\"vertical-align: inherit;\"><span style=\"vertical-align: inherit;\"><span style=\"vertical-align: inherit;\"> \u00a0MAC h\u01b0\u1edbng t\u1edbi s\u1ef1 to\u00e0n v\u1eb9n.<\/span><\/span><\/span><\/span><\/span><\/span><\/span><\/div>\n<div class=\"overflow-hidden\"><span class=\"text\"><span style=\"vertical-align: inherit;\"><span style=\"vertical-align: inherit;\"><span style=\"vertical-align: inherit;\"><span style=\"vertical-align: inherit;\"><span style=\"vertical-align: inherit;\"><span style=\"vertical-align: inherit;\">\u2013 Th\u00e2n m\u00e1y thanh l\u1ecbch, thi\u1ebft k\u1ebf ti\u00ean ti\u1ebfn, tay c\u1ea7m c\u1ed1 \u0111\u1ecbnh ti\u1ec7n l\u1ee3i, gi\u00fap vi\u1ec7c m\u1edf kh\u00f3a tr\u1edf n\u00ean \u0111\u01a1n gi\u1ea3n v\u00e0 ti\u1ec7n l\u1ee3i, \u0111\u01b0\u1eddng n\u00e9t tinh t\u1ebf m\u00e0 v\u1eabn quan tr\u1ecdng v\u1edbi v\u1ebb ngo\u00e0i s\u00e1ng b\u00f3ng.<\/span><\/span><\/span><\/span><\/span><\/span><\/span><\/div>\n<div><span class=\"text\"><span style=\"vertical-align: inherit;\"><span style=\"vertical-align: inherit;\"><span style=\"vertical-align: inherit;\"><span style=\"vertical-align: inherit;\"><span style=\"vertical-align: inherit;\"><span style=\"vertical-align: inherit;\">\u2013 C\u1ea5u h\u00ecnh b\u1eb1ng c\u00f4ng ngh\u1ec7 CNC hi\u1ec7n \u0111\u1ea1i \u0111\u1ea3m b\u1ea3o m\u1eadt kh\u1ea9u c\u1ee7a kh\u00f3a, gi\u00fap kh\u00f3a b\u1ec1n h\u01a1n v\u00e0 h\u1ea1n ch\u1ebf ch\u1ebf \u0111\u1ed9 oxy h\u00f3a.<\/span><\/span><\/span><\/span><\/span><\/span><\/span><\/div>\n<div><span class=\"text\"><span style=\"vertical-align: inherit;\"><span style=\"vertical-align: inherit;\"><span style=\"vertical-align: inherit;\"><span style=\"vertical-align: inherit;\"><span style=\"vertical-align: inherit;\"><span style=\"vertical-align: inherit;\">\u2013 M\u1eb7t kh\u00f3a \u0111\u01b0\u1ee3c l\u00e0m b\u1eb1ng k\u00ednh c\u01b0\u1eddng l\u1ef1c, ch\u1ecbu nhi\u1ec7t t\u1ed1t s\u1eeda \u0111\u1ed5i ch\u1ebf \u0111\u1ed9.<\/span><\/span><\/span><\/span><\/span><\/span><\/span><\/div>\n<div class=\"overflow-hidden\"><span class=\"text\"><span style=\"vertical-align: inherit;\"><span style=\"vertical-align: inherit;\"><span style=\"vertical-align: inherit;\"><span style=\"vertical-align: inherit;\"><span style=\"vertical-align: inherit;\"><span style=\"vertical-align: inherit;\">\u2013 Ti\u1ebfng \u1ed3n th\u1ea5p, ti\u1ebft ki\u1ec7m n\u0103ng l\u01b0\u1ee3ng, b\u1ea3o v\u1ec7 m\u00f4i tr\u01b0\u1eddng v\u00e0 an to\u00e0n.<\/span><\/span><\/span><\/span><\/span><\/span><\/span><\/div>\n<div><span class=\"text\"><span style=\"vertical-align: inherit;\"><span style=\"vertical-align: inherit;\"><span style=\"vertical-align: inherit;\"><span style=\"vertical-align: inherit;\"><span style=\"vertical-align: inherit;\"><span style=\"vertical-align: inherit;\">\u2013 T\u00ednh n\u0103ng nh\u1eadn d\u1ea1ng khu\u00f4n m\u1eb7t ph\u00f9 h\u1ee3p cho c\u1ea3 ng\u01b0\u1eddi gi\u00e0 v\u00e0 tr\u1ebb nh\u1ecf.<\/span><\/span><\/span><\/span><\/span><\/span><\/span><\/div>\n<div class=\"overflow-hidden\"><span class=\"text\"><span style=\"vertical-align: inherit;\"><span style=\"vertical-align: inherit;\"><span style=\"vertical-align: inherit;\"><span style=\"vertical-align: inherit;\"><span style=\"vertical-align: inherit;\"><span style=\"vertical-align: inherit;\">\u2013 B\u1ec1 m\u1eb7t ph\u1ee7 l\u1edbp s\u01a1n nano cao c\u1ea5p, b\u1ec1n \u0111\u1eb9p, ch\u1ed1ng tr\u01b0\u1ee3t v\u00e0 kh\u00e1ng khu\u1ea9n t\u1ed1t, kh\u00f4ng phai m\u00e0u, ch\u1ed1ng oxy h\u00f3a, ch\u1ed1ng \u0103n m\u00f2n.<\/span><\/span><\/span><\/span><\/span><\/span><\/span><\/div>\n<div class=\"overflow-hidden\"><span class=\"text\"><span style=\"vertical-align: inherit;\"><span style=\"vertical-align: inherit;\"><span style=\"vertical-align: inherit;\"><span style=\"vertical-align: inherit;\"><span style=\"vertical-align: inherit;\"><span style=\"vertical-align: inherit;\">\u2013 Nh\u1eadn d\u1ea1ng v\u00e2n tay: sinh tr\u1eafc h\u1ecdc b\u00e1n d\u1eabn ( C\u00f3 th\u1ec3 \u0111\u0103ng k\u00fd 100 d\u1ea5u v\u00e2n tay), h\u1ea1n ch\u1ebf ch\u1ebf \u0111\u1ed9 nh\u1eadn d\u1ea1ng sai d\u1ea5u v\u00e2n tay<\/span><\/span><\/span><\/span><\/span><\/span><\/span><\/div>\n<div class=\"overflow-hidden\"><span class=\"text\"><span style=\"vertical-align: inherit;\"><span style=\"vertical-align: inherit;\"><span style=\"vertical-align: inherit;\"><span style=\"vertical-align: inherit;\"><span style=\"vertical-align: inherit;\"><span style=\"vertical-align: inherit;\">\u2013 M\u1eadt kh\u1ea9u \u1ea3o: Th\u00eam b\u1ea5t k\u1ef3 s\u1ed1 n\u00e0o v\u00e0o tr\u01b0\u1edbc ho\u1eb7c sau ch\u00ednh x\u00e1c m\u1eadt kh\u1ea9u \u0111\u1ec3 m\u1edf c\u1eeda, c\u00f3 th\u1ec3 l\u00ean t\u1edbi 12 biz \u0111\u1ec3 b\u1ea3o m\u1eadt b\u00ean c\u1ea1nh kh\u00f4ng th\u1ec3 \u0111o\u00e1n \u0111\u01b0\u1ee3c m\u1eadt m\u00e3 gia \u0111\u00ecnh b\u1ea1n d\u00f9 b\u1ea5t k\u1ef3 h\u00ecnh th\u1ee9c n\u00e0o .<\/span><\/span><\/span><\/span><\/span><\/span><\/span><\/div>\n<div class=\"overflow-hidden\"><span class=\"text\"><span style=\"vertical-align: inherit;\"><span style=\"vertical-align: inherit;\"><span style=\"vertical-align: inherit;\"><span style=\"vertical-align: inherit;\"><span style=\"vertical-align: inherit;\"><span style=\"vertical-align: inherit;\">\u2013 Ch\u1ee9c n\u0103ng th\u1ebb NFC: B\u1ea1n c\u00f3 th\u1ec3 s\u1eed d\u1ee5ng t\u00ednh n\u0103ng NFC tr\u00ean \u0111i\u1ec7n tho\u1ea1i di \u0111\u1ed9ng v\u00e0 kh\u00f4ng c\u1ea7n ph\u1ea3i mang th\u1ebb ph\u1ee5 \u0111\u1ec3 m\u1edf c\u1eeda.\u00a0<\/span><\/span><\/span><\/span><\/span><\/span><\/span><\/div>\n<div class=\"overflow-hidden\"><span class=\"text\"><span style=\"vertical-align: inherit;\"><span style=\"vertical-align: inherit;\"><span style=\"vertical-align: inherit;\"><span style=\"vertical-align: inherit;\"><span style=\"vertical-align: inherit;\"><span style=\"vertical-align: inherit;\">\u2013 Th\u00e2n kh\u00f3a b\u1eb1ng th\u00e9p kh\u00f4ng g\u1ec9 304, b\u1ec1n b\u1ec9 theo th\u1eddi gian<\/span><\/span><\/span><\/span><\/span><\/span><\/span><\/div>\n<div class=\"overflow-hidden\"><span class=\"text\"><span style=\"vertical-align: inherit;\"><span style=\"vertical-align: inherit;\"><span style=\"vertical-align: inherit;\"><span style=\"vertical-align: inherit;\"><span style=\"vertical-align: inherit;\"><span style=\"vertical-align: inherit;\">\u2013 Ngu\u1ed3n \u0111i\u1ec7n kh\u1ea9n c\u1ea5p USB, gi\u1ea3i ph\u00e1p khi kh\u00f3a h\u1ebft pin.<\/span><\/span><\/span><\/span><\/span><\/span><\/span><\/div>\n<div class=\"overflow-hidden\"><span class=\"text\"><span style=\"vertical-align: inherit;\"><span style=\"vertical-align: inherit;\"><span style=\"vertical-align: inherit;\"><span style=\"vertical-align: inherit;\"><span style=\"vertical-align: inherit;\"><span style=\"vertical-align: inherit;\">\u2013 Use pin theo m\u1ee9c \u0111\u1ed9 n\u00e2ng c\u1ea5p kh\u00f3a \u1ed5n \u0111\u1ecbnh v\u00e0 v\u1eefng ch\u1eafc, t\u0103ng dung l\u01b0\u1ee3ng l\u00ean 2500 l\u1ea7n m\u1edf t\u1edbi c\u1eeda s\u1ed5 1 l\u1ea7n thay pin.<\/span><\/span><\/span><\/span><\/span><\/span><\/span><\/div>\n<\/li>\n<\/ul>\n","protected":false},"featured_media":529,"comment_status":"open","ping_status":"closed","template":"","meta":[],"product_cat":[35],"product_tag":[],"_links":{"self":[{"href":"https:\/\/macsmartlife.com\/en_US\/wp-json\/wp\/v2\/product\/526"}],"collection":[{"href":"https:\/\/macsmartlife.com\/en_US\/wp-json\/wp\/v2\/product"}],"about":[{"href":"https:\/\/macsmartlife.com\/en_US\/wp-json\/wp\/v2\/types\/product"}],"replies":[{"embeddable":true,"href":"https:\/\/macsmartlife.com\/en_US\/wp-json\/wp\/v2\/comments?post=526"}],"wp:featuredmedia":[{"embeddable":true,"href":"https:\/\/macsmartlife.com\/en_US\/wp-json\/wp\/v2\/media\/529"}],"wp:attachment":[{"href":"https:\/\/macsmartlife.com\/en_US\/wp-json\/wp\/v2\/media?parent=526"}],"wp:term":[{"taxonomy":"product_cat","embeddable":true,"href":"https:\/\/macsmartlife.com\/en_US\/wp-json\/wp\/v2\/product_cat?post=526"},{"taxonomy":"product_tag","embeddable":true,"href":"https:\/\/macsmartlife.com\/en_US\/wp-json\/wp\/v2\/product_tag?post=526"}],"curies":[{"name":"wp","href":"https:\/\/api.w.org\/{rel}","templated":true}]}}