{"id":491,"date":"2024-06-05T17:36:17","date_gmt":"2024-06-05T10:36:17","guid":{"rendered":"https:\/\/macsmartlife.com\/?post_type=product&#038;p=491"},"modified":"2026-04-05T05:30:08","modified_gmt":"2026-04-04T22:30:08","slug":"khoa-nhom-kinh-mac-h8","status":"publish","type":"product","link":"https:\/\/macsmartlife.com\/en_US\/product\/khoa-nhom-kinh-mac-h8\/","title":{"rendered":"KHO\u00c1 NH\u00d4M K\u00cdNH MAC -H8"},"content":{"rendered":"<div style=\"width: 640px;\" class=\"wp-video\"><!--[if lt IE 9]><script>document.createElement('video');<\/script><![endif]-->\n<video class=\"wp-video-shortcode\" id=\"video-491-1\" width=\"640\" height=\"1138\" preload=\"metadata\" controls=\"controls\"><source type=\"video\/mp4\" src=\"https:\/\/macsmartlife.com\/wp-content\/uploads\/2024\/06\/5474503057918.mp4?_=1\" \/><a href=\"https:\/\/macsmartlife.com\/wp-content\/uploads\/2024\/06\/5474503057918.mp4\">https:\/\/macsmartlife.com\/wp-content\/uploads\/2024\/06\/5474503057918.mp4<\/a><\/video><\/div>\n<div style=\"width: 640px;\" class=\"wp-video\"><video class=\"wp-video-shortcode\" id=\"video-491-2\" width=\"640\" height=\"1138\" preload=\"metadata\" controls=\"controls\"><source type=\"video\/mp4\" src=\"https:\/\/macsmartlife.com\/wp-content\/uploads\/2024\/06\/5510150339521.mp4?_=2\" \/><a href=\"https:\/\/macsmartlife.com\/wp-content\/uploads\/2024\/06\/5510150339521.mp4\">https:\/\/macsmartlife.com\/wp-content\/uploads\/2024\/06\/5510150339521.mp4<\/a><\/video><\/div>\n<p><img loading=\"lazy\" decoding=\"async\" class=\"alignnone size-medium wp-image-494\" src=\"https:\/\/macsmartlife.com\/wp-content\/uploads\/2024\/06\/z5474357880029_646f563d944bc8725d8fd26dcee7ad96.jpg\" alt=\"\" width=\"208\" height=\"300\" \/> <img loading=\"lazy\" decoding=\"async\" class=\"alignnone size-medium wp-image-495\" src=\"https:\/\/macsmartlife.com\/wp-content\/uploads\/2024\/06\/z5474367191865_8c3caa972dd469242150ed409afc7251.jpg\" alt=\"\" width=\"163\" height=\"300\" \/> <img loading=\"lazy\" decoding=\"async\" class=\"alignnone size-medium wp-image-496\" src=\"https:\/\/macsmartlife.com\/wp-content\/uploads\/2024\/06\/z5474378080618_9015e54d65d04925eeeb491a1e43a472.jpg\" alt=\"\" width=\"206\" height=\"300\" \/> <img loading=\"lazy\" decoding=\"async\" class=\"alignnone size-medium wp-image-497\" src=\"https:\/\/macsmartlife.com\/wp-content\/uploads\/2024\/06\/z5474381426265_a7f82f8b0c3d8fc448422738939453d3.jpg\" alt=\"\" width=\"161\" height=\"300\" \/> <img loading=\"lazy\" decoding=\"async\" class=\"alignnone size-medium wp-image-498\" src=\"https:\/\/macsmartlife.com\/wp-content\/uploads\/2024\/06\/z5510150300439_5c332929a412551675384043270ae722.jpg\" alt=\"\" width=\"225\" height=\"300\" \/> <img loading=\"lazy\" decoding=\"async\" class=\"alignnone size-medium wp-image-499\" src=\"https:\/\/macsmartlife.com\/wp-content\/uploads\/2024\/06\/z5510150309953_44d2e66393ed98a2ac3711f1fab2adc8.jpg\" alt=\"\" width=\"225\" height=\"300\" \/><\/p>\n","protected":false},"excerpt":{"rendered":"","protected":false},"featured_media":495,"comment_status":"open","ping_status":"closed","template":"","meta":[],"product_cat":[64,35],"product_tag":[],"_links":{"self":[{"href":"https:\/\/macsmartlife.com\/en_US\/wp-json\/wp\/v2\/product\/491"}],"collection":[{"href":"https:\/\/macsmartlife.com\/en_US\/wp-json\/wp\/v2\/product"}],"about":[{"href":"https:\/\/macsmartlife.com\/en_US\/wp-json\/wp\/v2\/types\/product"}],"replies":[{"embeddable":true,"href":"https:\/\/macsmartlife.com\/en_US\/wp-json\/wp\/v2\/comments?post=491"}],"wp:featuredmedia":[{"embeddable":true,"href":"https:\/\/macsmartlife.com\/en_US\/wp-json\/wp\/v2\/media\/495"}],"wp:attachment":[{"href":"https:\/\/macsmartlife.com\/en_US\/wp-json\/wp\/v2\/media?parent=491"}],"wp:term":[{"taxonomy":"product_cat","embeddable":true,"href":"https:\/\/macsmartlife.com\/en_US\/wp-json\/wp\/v2\/product_cat?post=491"},{"taxonomy":"product_tag","embeddable":true,"href":"https:\/\/macsmartlife.com\/en_US\/wp-json\/wp\/v2\/product_tag?post=491"}],"curies":[{"name":"wp","href":"https:\/\/api.w.org\/{rel}","templated":true}]}}