{"id":338,"date":"2024-04-17T17:43:17","date_gmt":"2024-04-17T10:43:17","guid":{"rendered":"https:\/\/macsmartlife.com\/?post_type=product&#038;p=338"},"modified":"2025-09-09T15:40:08","modified_gmt":"2025-09-09T08:40:08","slug":"mac-x6s","status":"publish","type":"product","link":"https:\/\/macsmartlife.com\/en_US\/product\/mac-x6s\/","title":{"rendered":"MAC &#8211; X6s"},"content":{"rendered":"<p>T\u00ednh n\u0103ng n\u1ed5i b\u1eadt c\u1ee7a kh\u00f3a v\u00e2n tay MAC &#8211; X6s<\/p>\n<p>Kh\u00f3a c\u1eeda th\u00f4ng minh MAC &#8211; X6s v\u1eadn h\u00e0nh m\u1edf kh\u00f3a b\u1eb1ng ph\u01b0\u01a1ng th\u1ee9c b\u1ea3o m\u1eadt: v\u00e2n tay, th\u1ebb t\u1eeb, m\u1eadt m\u00e3, ch\u00eca c\u01a1, App TTlock. Th\u00e2n kh\u00f3a to\u00e0n b\u1ed9 \u0111\u01b0\u1ee3c l\u00e0m t\u1eeb h\u1ee3p kim nh\u00f4m si\u00eau b\u1ec1n, ph\u1ee7 3 l\u1edbp kim lo\u1ea1i s\u00e1ng b\u00f3ng gi\u00fap ch\u1ed1ng \u1ea9m, ch\u1ed1ng x\u01b0\u1edbc.Chu\u00f4ng c\u1ea3nh b\u00e1o khi c\u00f3 hi\u1ec7n t\u01b0\u1ee3ng \u0111\u1ed9t nh\u1eadp l\u1ea1 hay c\u1ed1 t\u00ecnh ph\u00e1 kh\u00f3a, MAC &#8211; X6s h\u01b0\u1edbng t\u1edbi s\u1ef1 an to\u00e0n.<\/p>\n<p>\u2013 Th\u00e2n m\u00e1y thanh l\u1ecbch, thi\u1ebft k\u1ebf ti\u00ean ti\u1ebfn, tay c\u1ea7m c\u1ed1 \u0111\u1ecbnh ti\u1ec7n l\u1ee3i, gi\u00fap vi\u1ec7c m\u1edf kh\u00f3a tr\u1edf l\u00ean \u0111\u01a1n gi\u1ea3n v\u00e0 ti\u1ec7n l\u1ee3i, \u0111\u01b0\u1eddng n\u00e9t tinh t\u1ebf m\u00e0 v\u1eabn sang tr\u1ecdng v\u1edbi v\u1ebb ngo\u00e0i s\u00e1ng b\u00f3ng.<\/p>\n<p>\u2013 Thi\u1ebft k\u1ebf 05 ch\u1ed1t kh\u00f3a an to\u00e0n, \u0111i k\u00e8m kh\u00f3a tr\u00e1i.<\/p>\n<p>\u2013 Ti\u1ebfng \u1ed3n th\u1ea5p, ti\u1ebft ki\u1ec7m n\u0103ng l\u01b0\u1ee3ng, b\u1ea3o v\u1ec7 m\u00f4i tr\u01b0\u1eddng v\u00e0 an to\u00e0n.<\/p>\n<p>\u2013 B\u1ec1 m\u1eb7t ph\u1ee7 l\u1edbp s\u01a1n t\u0129nh \u0111i\u1ec7n, b\u1ec1n \u0111\u1eb9p, ch\u1ed1ng x\u01b0\u1edbc v\u00e0 kh\u00e1ng khu\u1ea9n t\u1ed1t, kh\u00f4ng phai m\u00e0u, ch\u1ed1ng oxy h\u00f3a, ch\u1ed1ng \u0103n m\u00f2n.<\/p>\n<p>\u2013 Nh\u1eadn d\u1ea1ng v\u00e2n tay: sinh tr\u1eafc h\u1ecdc b\u00e1n d\u1eabn ( C\u00f3 th\u1ec3 \u0111\u0103ng k\u00fd 100 d\u1ea5u v\u00e2n tay), t\u1ec9 l\u1ec7 nh\u1eadn d\u1ea1ng sai d\u1ea5u v\u00e2n tay<\/p>\n<p>\u2013 M\u1eadt kh\u1ea9u \u1ea3o: Th\u00eam b\u1ea5t k\u1ef3 s\u1ed1 n\u00e0o v\u00e0o tr\u01b0\u1edbc ho\u1eb7c sau m\u1eadt kh\u1ea9u ch\u00ednh x\u00e1c \u0111\u1ec3 m\u1edf c\u1eeda, c\u00f3 th\u1ec3 l\u00ean t\u1edbi 12 bit \u0111\u1ec3 b\u1ea3o m\u1eadt khi\u1ebfn ng\u01b0\u1eddi b\u00ean c\u1ea1nh kh\u00f4ng th\u1ec3 \u0111o\u00e1n \u0111\u01b0\u1ee3c m\u1eadt m\u00e3 gia \u0111\u00ecnh b\u1ea1n d\u00f9 b\u1ea5t c\u1ee9 h\u00ecnh th\u1ee9c n\u00e0o.<\/p>\n<p>\u2013 Ch\u1ee9c n\u0103ng th\u1ebb NFC: B\u1ea1n c\u00f3 th\u1ec3 s\u1eed d\u1ee5ng t\u00ednh n\u0103ng NFC tr\u00ean \u0111i\u1ec7n tho\u1ea1i di \u0111\u1ed9ng v\u00e0 kh\u00f4ng c\u1ea7n ph\u1ea3i mang theo th\u1ebb ph\u1ee5 \u0111\u1ec3 m\u1edf c\u1eeda.<\/p>\n<p>\u2013 Th\u00e2n kh\u00f3a b\u1eb1ng th\u00e9p kh\u00f4ng g\u1ec9 304, b\u1ec1n b\u1ec9 theo th\u1eddi gian<\/p>\n<p>\u2013 Ngu\u1ed3n \u0111i\u1ec7n kh\u1ea9n c\u1ea5p USB, gi\u1ea3i ph\u00e1p khi kh\u00f3a h\u1ebft pin.<\/p>\n<p>\u2013 S\u1eed d\u1ee5ng pin AA dung l\u01b0\u1ee3ng l\u00ean t\u1edbi 2500 l\u1ea7n m\u1edf c\u1eeda cho 1 l\u1ea7n thay pin.<\/p>\n<p>\u2013 M\u1eb7t tr\u01b0\u1edbc s\u1eed d\u1ee5ng k\u00ednh c\u01b0\u1eddng l\u1ef1c t\u0103ng \u0111\u1ed9 ch\u1ecbu x\u01b0\u1edbc v\u00e0 ch\u1ecbu nhi\u1ec7t.<\/p>\n<p><img loading=\"lazy\" decoding=\"async\" class=\"size-full wp-image-351 alignleft\" src=\"https:\/\/macsmartlife.com\/wp-content\/uploads\/2024\/04\/x6s.jpg\" alt=\"\" width=\"557\" height=\"784\" \/><\/p>\n<p><img loading=\"lazy\" decoding=\"async\" class=\"alignnone size-full wp-image-345\" src=\"https:\/\/macsmartlife.com\/wp-content\/uploads\/2024\/04\/z5308909260047_8d75a8cde54bcb8e8c49f478036dfeb7.jpg\" alt=\"\" width=\"1920\" height=\"2560\" \/> <img loading=\"lazy\" decoding=\"async\" class=\"alignnone size-full wp-image-346\" src=\"https:\/\/macsmartlife.com\/wp-content\/uploads\/2024\/04\/z5308909270458_f746dabde8b5bdcba6e15c2403c22563.jpg\" alt=\"\" width=\"1920\" height=\"2560\" \/> <img loading=\"lazy\" decoding=\"async\" class=\"alignnone size-full wp-image-347\" src=\"https:\/\/macsmartlife.com\/wp-content\/uploads\/2024\/04\/z5308909285879_44feb645a17c71e30fabb984eaafb8c1.jpg\" alt=\"\" width=\"1920\" height=\"2560\" \/> <img loading=\"lazy\" decoding=\"async\" class=\"alignnone size-full wp-image-344\" src=\"https:\/\/macsmartlife.com\/wp-content\/uploads\/2024\/04\/z5308909218423_9b64edbf6b704cf87729f10bb1db526d.jpg\" alt=\"\" width=\"1920\" height=\"2560\" \/> <img loading=\"lazy\" decoding=\"async\" class=\"alignnone size-full wp-image-343\" src=\"https:\/\/macsmartlife.com\/wp-content\/uploads\/2024\/04\/z5308909211139_426f68fe94bb55c844e5e5b191ed377f.jpg\" alt=\"\" width=\"1920\" height=\"2560\" \/> <img loading=\"lazy\" decoding=\"async\" class=\"alignnone size-full wp-image-341\" src=\"https:\/\/macsmartlife.com\/wp-content\/uploads\/2024\/04\/z5299647936485_1a10e6ad870aae24421b7eb7a7908155.jpg\" alt=\"\" width=\"1920\" height=\"2560\" \/> <img loading=\"lazy\" decoding=\"async\" class=\"alignnone size-full wp-image-342\" src=\"https:\/\/macsmartlife.com\/wp-content\/uploads\/2024\/04\/z5308909140428_326a20381ab0f22fcbd6b7dda242c884.jpg\" alt=\"\" width=\"1920\" height=\"2560\" \/> <img loading=\"lazy\" decoding=\"async\" class=\"alignnone size-full wp-image-339\" src=\"https:\/\/macsmartlife.com\/wp-content\/uploads\/2024\/04\/z5299647734668_ce7745982bd0c3297162c8b7524cb935.jpg\" alt=\"\" width=\"1920\" height=\"2560\" \/> <img loading=\"lazy\" decoding=\"async\" class=\"alignnone size-full wp-image-340\" src=\"https:\/\/macsmartlife.com\/wp-content\/uploads\/2024\/04\/z5299647741206_ab71df8404116ee382d6e6661e6016b0.jpg\" alt=\"\" width=\"1920\" height=\"2560\" \/><\/p>\n","protected":false},"excerpt":{"rendered":"[video width=\"720\" height=\"1280\" mp4=\"https:\/\/macsmartlife.com\/wp-content\/uploads\/2024\/04\/5308939714749-1.mp4\"][\/video]\n","protected":false},"featured_media":351,"comment_status":"open","ping_status":"closed","template":"","meta":[],"product_cat":[29],"product_tag":[],"_links":{"self":[{"href":"https:\/\/macsmartlife.com\/en_US\/wp-json\/wp\/v2\/product\/338"}],"collection":[{"href":"https:\/\/macsmartlife.com\/en_US\/wp-json\/wp\/v2\/product"}],"about":[{"href":"https:\/\/macsmartlife.com\/en_US\/wp-json\/wp\/v2\/types\/product"}],"replies":[{"embeddable":true,"href":"https:\/\/macsmartlife.com\/en_US\/wp-json\/wp\/v2\/comments?post=338"}],"wp:featuredmedia":[{"embeddable":true,"href":"https:\/\/macsmartlife.com\/en_US\/wp-json\/wp\/v2\/media\/351"}],"wp:attachment":[{"href":"https:\/\/macsmartlife.com\/en_US\/wp-json\/wp\/v2\/media?parent=338"}],"wp:term":[{"taxonomy":"product_cat","embeddable":true,"href":"https:\/\/macsmartlife.com\/en_US\/wp-json\/wp\/v2\/product_cat?post=338"},{"taxonomy":"product_tag","embeddable":true,"href":"https:\/\/macsmartlife.com\/en_US\/wp-json\/wp\/v2\/product_tag?post=338"}],"curies":[{"name":"wp","href":"https:\/\/api.w.org\/{rel}","templated":true}]}}