{"id":64,"date":"2022-03-28T08:45:03","date_gmt":"2022-03-28T08:45:03","guid":{"rendered":"https:\/\/demo.walkerwp.com\/shopr\/?page_id=60"},"modified":"2024-04-09T17:00:19","modified_gmt":"2024-04-09T10:00:19","slug":"about-us","status":"publish","type":"page","link":"https:\/\/macsmartlife.com\/en_US\/about-us\/","title":{"rendered":"About us"},"content":{"rendered":"\n<p>MAC ch\u00fang t\u00f4i l\u00e0 m\u1ed9t trong nh\u1eefng \u0111\u01a1n v\u1ecb tr\u1ebb d\u1eabn \u0111\u1ea7u xu h\u01b0\u1edbng c\u00e1c thi\u1ebft k\u1ebf, t\u00ednh n\u0103ng, ti\u1ec7n \u00edch trong l\u0129nh v\u1ef1c kh\u00f3a \u0111i\u1ec7n t\u1eed th\u00f4ng minh, ch\u00fang t\u00f4i mang \u0111\u1ebfn s\u1ef1 tin t\u01b0\u1ee3ng, an t\u00e2m khi s\u1eed d\u1ee5ng s\u1ea3n ph\u1ea9m cho qu\u00fd kh\u00e1ch h\u00e0ng, ch\u00fang t\u00f4i cam k\u1ebft mang \u0111\u1ebfn s\u1ea3n ph\u1ea9m v\u00e0 d\u1ecbch v\u1ee5 \u0111i k\u00e8m v\u1edbi s\u1ef1 t\u1eadn t\u00e2m, nhi\u1ec7t huy\u1ebft x\u1ee9ng \u0111\u00e1ng v\u1edbi ni\u1ec1n tin y\u00eau c\u1ee7a kh\u00e1ch h\u00e0ng &#8230;.<\/p>\n","protected":false},"excerpt":{"rendered":"<p><!-- wp:paragraph --><\/p>\n<p>MAC ch\u00fang t\u00f4i l\u00e0 m\u1ed9t trong nh\u1eefng \u0111\u01a1n v\u1ecb tr\u1ebb d\u1eabn \u0111\u1ea7u xu h\u01b0\u1edbng c\u00e1c thi\u1ebft k\u1ebf, t\u00ednh n\u0103ng, ti\u1ec7n \u00edch trong l\u0129nh v\u1ef1c kh\u00f3a \u0111i\u1ec7n t\u1eed th\u00f4ng minh, ch\u00fang t\u00f4i mang \u0111\u1ebfn s\u1ef1 tin t\u01b0\u1ee3ng, an t\u00e2m khi s\u1eed d\u1ee5ng s\u1ea3n ph\u1ea9m cho qu\u00fd kh\u00e1ch h\u00e0ng, ch\u00fang t\u00f4i&#8230;<\/p>\n","protected":false},"author":1,"featured_media":137,"parent":0,"menu_order":0,"comment_status":"closed","ping_status":"closed","template":"","meta":{"footnotes":""},"_links":{"self":[{"href":"https:\/\/macsmartlife.com\/en_US\/wp-json\/wp\/v2\/pages\/64"}],"collection":[{"href":"https:\/\/macsmartlife.com\/en_US\/wp-json\/wp\/v2\/pages"}],"about":[{"href":"https:\/\/macsmartlife.com\/en_US\/wp-json\/wp\/v2\/types\/page"}],"author":[{"embeddable":true,"href":"https:\/\/macsmartlife.com\/en_US\/wp-json\/wp\/v2\/users\/1"}],"replies":[{"embeddable":true,"href":"https:\/\/macsmartlife.com\/en_US\/wp-json\/wp\/v2\/comments?post=64"}],"version-history":[{"count":6,"href":"https:\/\/macsmartlife.com\/en_US\/wp-json\/wp\/v2\/pages\/64\/revisions"}],"predecessor-version":[{"id":318,"href":"https:\/\/macsmartlife.com\/en_US\/wp-json\/wp\/v2\/pages\/64\/revisions\/318"}],"wp:featuredmedia":[{"embeddable":true,"href":"https:\/\/macsmartlife.com\/en_US\/wp-json\/wp\/v2\/media\/137"}],"wp:attachment":[{"href":"https:\/\/macsmartlife.com\/en_US\/wp-json\/wp\/v2\/media?parent=64"}],"curies":[{"name":"wp","href":"https:\/\/api.w.org\/{rel}","templated":true}]}}